{"id":1191,"date":"2020-12-04T18:38:06","date_gmt":"2020-12-04T21:38:06","guid":{"rendered":"https:\/\/ifdcarcano-crr.infd.edu.ar\/sitio\/?page_id=1191"},"modified":"2025-02-28T22:20:44","modified_gmt":"2025-03-01T01:20:44","slug":"profesorado-de-educacion-primaria","status":"publish","type":"page","link":"https:\/\/ifdcarcano-crr.infd.edu.ar\/sitio\/profesorado-de-educacion-primaria\/","title":{"rendered":"Profesorado de Educaci\u00f3n Primaria"},"content":{"rendered":"\n<p><strong>Denominaci\u00f3n de la carrera: <\/strong>&nbsp;Profesorado de Educaci\u00f3n Primaria<\/p>\n\n\n\n<p><strong>Resoluci\u00f3n Ministerial N\u00b0: <\/strong>1464\/14<\/p>\n\n\n\n<p><strong>T\u00edtulo que otorga: <\/strong>Profesor\/a de Educaci\u00f3n Primaria<\/p>\n\n\n\n<p><strong>Duraci\u00f3n: <\/strong>4 a\u00f1os<\/p>\n\n\n\n<p><strong>Horario de cursada:<\/strong>&nbsp;Lunes a viernes de 7.30 a 12.30Hs.<\/p>\n\n\n\n<p><strong>Plan de estudios:<\/strong><\/p>\n\n\n\n<figure class=\"wp-block-table\"><table><tbody><tr><td colspan=\"5\"><strong>1\u00b0 A\u00d1O<\/strong><\/td><\/tr><tr><td><\/td><td><strong>Unidad Curricular<\/strong><\/td><td><strong>R\u00e9gimen<\/strong><\/td><td><strong>Formato<\/strong><\/td><td><strong>Horas Did\u00e1cticas<\/strong><\/td><\/tr><tr><td>1<\/td><td>Pedagog\u00eda<\/td><td>Cuatrimestral<\/td><td>Materia<\/td><td>6 horas<\/td><\/tr><tr><td>2<\/td><td>Psicolog\u00eda Educacional<\/td><td>Cuatrimestral<\/td><td>Materia<\/td><td>6 horas<\/td><\/tr><tr><td>3<\/td><td>Did\u00e1ctica General<\/td><td>Anual<\/td><td>Materia<\/td><td>4 horas<\/td><\/tr><tr><td>4<\/td><td>Lectura y escritura acad\u00e9mica<\/td><td>Anual<\/td><td>Taller<\/td><td>3 horas<\/td><\/tr><tr><td>5<\/td><td>Lengua y literatura<\/td><td>Anual<\/td><td>Materia<\/td><td>4 horas<\/td><\/tr><tr><td>6<\/td><td>Matem\u00e1tica<\/td><td>Anual<\/td><td>Materia<\/td><td>4 horas<\/td><\/tr><tr><td>7<\/td><td>Ciencias Sociales<\/td><td>Anual<\/td><td>Materia<\/td><td>4 horas<\/td><\/tr><tr><td>8<\/td><td>Ciencias Naturales<\/td><td>Anual<\/td><td>Materia<\/td><td>4 horas<\/td><\/tr><tr><td>9<\/td><td>Pr\u00e1ctica I: M\u00e9todos y t\u00e9cnica de Recolecci\u00f3n \/ Instituciones Educativas<\/td><td>Anual<\/td><td>Taller<\/td><td>5 horas<\/td><\/tr><tr><td colspan=\"5\"><strong>2\u00b0 A\u00d1O<\/strong><\/td><\/tr><tr><td>10<\/td><td>Tecnolog\u00eda de la informaci\u00f3n y la comunicaci\u00f3n<\/td><td>Cuatrimestral<\/td><td>Taller<\/td><td>6 horas<\/td><\/tr><tr><td>11<\/td><td>Historia Argentina y Latinoamericana<\/td><td>Cuatrimestral<\/td><td>Materia<\/td><td>4 horas<\/td><\/tr><tr><td>12<\/td><td>Historia y Pol\u00edtica de la Educaci\u00f3n Argentina<\/td><td>Cuatrimestral<\/td><td>Materia<\/td><td>4 horas<\/td><\/tr><tr><td>13<\/td><td>Filosof\u00eda<\/td><td>Cuatrimestral<\/td><td>Materia<\/td><td>4 horas<\/td><\/tr><tr><td>14<\/td><td>Ense\u00f1anza de la Lengua y la Literatura<\/td><td>Anual<\/td><td>Materia<\/td><td>6 horas<\/td><\/tr><tr><td>15<\/td><td>Ense\u00f1anza de la Matem\u00e1tica<\/td><td>Anual<\/td><td>Materia<\/td><td>6 horas<\/td><\/tr><tr><td>16<\/td><td>Sujeto de la Educaci\u00f3n Primaria<\/td><td>Anual<\/td><td>Materia<\/td><td>6 horas<\/td><\/tr><tr><td>17<\/td><td>Pr\u00e1ctica II: Programaci\u00f3n de la Ense\u00f1anza \/ Curr\u00edculum y Organizaciones Escolares<\/td><td>Anual<\/td><td>Taller<\/td><td>6 horas<\/td><\/tr><tr><td colspan=\"5\">&nbsp;<strong>3\u00b0 A\u00d1O<\/strong><\/td><\/tr><tr><td>18<\/td><td>Propuesta de la Informaci\u00f3n y la Comunicaci\u00f3n<\/td><td>Cuatrimestral<\/td><td>Asignatura<\/td><td>3 horas<\/td><\/tr><tr><td>19<\/td><td>Lengua Extranjera<\/td><td>Cuatrimestral<\/td><td>Asignatura<\/td><td>3 horas<\/td><\/tr><tr><td>20<\/td><td>Alfabetizaci\u00f3n Inicial<\/td><td>Anual<\/td><td>Asignatura<\/td><td>4 horas<\/td><\/tr><tr><td>21<\/td><td>Lenguajes Art\u00edsticos Integrados<\/td><td>Cuatrimestral<\/td><td>Taller<\/td><td>4 horas<\/td><\/tr><tr><td>22<\/td><td>Sociolog\u00eda de la Educaci\u00f3n<\/td><td>Anual<\/td><td>Seminario<\/td><td>4 horas<\/td><\/tr><tr><td>23<\/td><td>Problem\u00e1tica Contempor\u00e1nea de la Educaci\u00f3n Primaria<\/td><td>Cuatrimestral<\/td><td>Seminario<\/td><td>4 horas<\/td><\/tr><tr><td>24<\/td><td>Tecnolog\u00eda de la informaci\u00f3n y la comunicaci\u00f3n en la Ense\u00f1anza<\/td><td>Cuatrimestral<\/td><td>Seminario<\/td><td>4 horas<\/td><\/tr><tr><td>25<\/td><td>Ense\u00f1anza de las Ciencias Naturales<\/td><td>Anual<\/td><td>Asignatura<\/td><td>4 horas<\/td><\/tr><tr><td>26<\/td><td>Ense\u00f1anza de las Ciencias Sociales<\/td><td>Anual<\/td><td>Taller<\/td><td>4 horas<\/td><\/tr><tr><td>27<\/td><td>Pr\u00e1ctica III: Coordinaci\u00f3n de Grupos de Aprendizaje \/ Evaluaci\u00f3n de los Aprendizajes<\/td><td>Anual<\/td><td>Asignatura<\/td><td>4 horas<\/td><\/tr><tr><td colspan=\"5\">&nbsp;<strong>4\u00b0 A\u00d1O<\/strong><\/td><\/tr><tr><td>28<\/td><td>\u00c9tica y ciudadan\u00eda<\/td><td>Cuatrimestral<\/td><td>Materia<\/td><td>6 horas<\/td><\/tr><tr><td>29<\/td><td>Educaci\u00f3n Sexual Integral<\/td><td>Cuatrimestral<\/td><td>Materia<\/td><td>3 horas<\/td><\/tr><tr><td>30<\/td><td>Propuesta variable o complementaria 2<\/td><td>Cuatrimestral<\/td><td>seminario\/taller<\/td><td>3 horas<\/td><\/tr><tr><td>31<\/td><td>Ateneo Did\u00e1ctico: Matem\u00e1tica<\/td><td>Anual<\/td><td>Ateneo<\/td><td>3 horas<\/td><\/tr><tr><td>32<\/td><td>Ateneo Did\u00e1ctico: Lengua<\/td><td>Anual<\/td><td>Materia<\/td><td>3 horas<\/td><\/tr><tr><td>33<\/td><td>Ateneo Did\u00e1ctico: Ciencias Naturales<\/td><td>Anual<\/td><td>Taller<\/td><td>3 horas<\/td><\/tr><tr><td>34<\/td><td>Ateneo Did\u00e1ctico: Ciencias Sociales<\/td><td>Anual<\/td><td>Pr\u00e1ctica docente<\/td><td>3 horas<\/td><\/tr><tr><td>35<\/td><td>Residencia Pedag\u00f3gica: Sistematizaci\u00f3n de Experiencias<\/td><td>Anual<\/td><td>Taller<\/td><td>10 horas<\/td><\/tr><\/tbody><\/table><\/figure>\n","protected":false},"excerpt":{"rendered":"<p>Denominaci\u00f3n de la carrera: &nbsp;Profesorado de Educaci\u00f3n Primaria Resoluci\u00f3n Ministerial N\u00b0: 1464\/14 T\u00edtulo que otorga: Profesor\/a de Educaci\u00f3n Primaria Duraci\u00f3n: 4 a\u00f1os Horario de cursada:&nbsp;Lunes a viernes de 7.30 a 12.30Hs. Plan de estudios: 1\u00b0 A\u00d1O Unidad Curricular R\u00e9gimen Formato Horas Did\u00e1cticas 1 Pedagog\u00eda Cuatrimestral Materia 6 horas 2 Psicolog\u00eda Educacional Cuatrimestral Materia 6 horas &#8230; <a title=\"Profesorado de Educaci\u00f3n Primaria\" class=\"read-more\" href=\"https:\/\/ifdcarcano-crr.infd.edu.ar\/sitio\/profesorado-de-educacion-primaria\/\" aria-label=\"More on Profesorado de Educaci\u00f3n Primaria\">[+]<\/a><\/p>\n","protected":false},"author":333,"featured_media":0,"parent":0,"menu_order":0,"comment_status":"closed","ping_status":"closed","template":"","meta":[],"acf":[],"_links":{"self":[{"href":"https:\/\/ifdcarcano-crr.infd.edu.ar\/sitio\/wp-json\/wp\/v2\/pages\/1191"}],"collection":[{"href":"https:\/\/ifdcarcano-crr.infd.edu.ar\/sitio\/wp-json\/wp\/v2\/pages"}],"about":[{"href":"https:\/\/ifdcarcano-crr.infd.edu.ar\/sitio\/wp-json\/wp\/v2\/types\/page"}],"author":[{"embeddable":true,"href":"https:\/\/ifdcarcano-crr.infd.edu.ar\/sitio\/wp-json\/wp\/v2\/users\/333"}],"replies":[{"embeddable":true,"href":"https:\/\/ifdcarcano-crr.infd.edu.ar\/sitio\/wp-json\/wp\/v2\/comments?post=1191"}],"version-history":[{"count":3,"href":"https:\/\/ifdcarcano-crr.infd.edu.ar\/sitio\/wp-json\/wp\/v2\/pages\/1191\/revisions"}],"predecessor-version":[{"id":1409,"href":"https:\/\/ifdcarcano-crr.infd.edu.ar\/sitio\/wp-json\/wp\/v2\/pages\/1191\/revisions\/1409"}],"wp:attachment":[{"href":"https:\/\/ifdcarcano-crr.infd.edu.ar\/sitio\/wp-json\/wp\/v2\/media?parent=1191"}],"curies":[{"name":"wp","href":"https:\/\/api.w.org\/{rel}","templated":true}]}}