{"id":1376,"date":"2024-08-29T17:29:26","date_gmt":"2024-08-29T20:29:26","guid":{"rendered":"https:\/\/ifdcarcano-crr.infd.edu.ar\/sitio\/?page_id=1376"},"modified":"2025-04-22T16:00:55","modified_gmt":"2025-04-22T19:00:55","slug":"revista-institucional","status":"publish","type":"page","link":"https:\/\/ifdcarcano-crr.infd.edu.ar\/sitio\/revista-institucional\/","title":{"rendered":"Revista Institucional"},"content":{"rendered":"\n<p>Compartimos con toda la comunidad montecasere\u00f1a las diferentes ediciones de la revista institucional \u00abel aljibe\u00bb del ISFD \u00abDr. Ram\u00f3n J. C\u00e1rcano\u00bb, en la que se podr\u00e1n encontrar art\u00edculos variados de diferentes \u00e1reas y campos del conocimiento escritos por docentes de la instituci\u00f3n, con el objetivo de conectar con una audiencia apasionada y curiosa, ofreciendo textos que abordan temas actuales y de relevancia global.<br>Te invitamos a explorar, disfrutar y compartir el contenido de \u201cel aljibe\u201d<br>\u00a1Gracias por ser parte de nuestra comunidad!<\/p>\n\n\n\n<iframe src=\"https:\/\/drive.google.com\/embeddedfolderview?id=14AfG4qzVl3DaGsGtYM2WKDK_u3w4S-60&#038;orderBy=name asc#grid\" style=\"width:90%; height:80dvh; border:1; overflow-x: hidden; margin: 0 30px;\"><\/iframe>\n","protected":false},"excerpt":{"rendered":"<p>Compartimos con toda la comunidad montecasere\u00f1a las diferentes ediciones de la revista institucional \u00abel aljibe\u00bb del ISFD \u00abDr. Ram\u00f3n J. C\u00e1rcano\u00bb, en la que se podr\u00e1n encontrar art\u00edculos variados de diferentes \u00e1reas y campos del conocimiento escritos por docentes de la instituci\u00f3n, con el objetivo de conectar con una audiencia apasionada y curiosa, ofreciendo textos &#8230; <a title=\"Revista Institucional\" class=\"read-more\" href=\"https:\/\/ifdcarcano-crr.infd.edu.ar\/sitio\/revista-institucional\/\" aria-label=\"More on Revista Institucional\">[+]<\/a><\/p>\n","protected":false},"author":177,"featured_media":0,"parent":0,"menu_order":0,"comment_status":"closed","ping_status":"closed","template":"","meta":[],"acf":[],"_links":{"self":[{"href":"https:\/\/ifdcarcano-crr.infd.edu.ar\/sitio\/wp-json\/wp\/v2\/pages\/1376"}],"collection":[{"href":"https:\/\/ifdcarcano-crr.infd.edu.ar\/sitio\/wp-json\/wp\/v2\/pages"}],"about":[{"href":"https:\/\/ifdcarcano-crr.infd.edu.ar\/sitio\/wp-json\/wp\/v2\/types\/page"}],"author":[{"embeddable":true,"href":"https:\/\/ifdcarcano-crr.infd.edu.ar\/sitio\/wp-json\/wp\/v2\/users\/177"}],"replies":[{"embeddable":true,"href":"https:\/\/ifdcarcano-crr.infd.edu.ar\/sitio\/wp-json\/wp\/v2\/comments?post=1376"}],"version-history":[{"count":3,"href":"https:\/\/ifdcarcano-crr.infd.edu.ar\/sitio\/wp-json\/wp\/v2\/pages\/1376\/revisions"}],"predecessor-version":[{"id":1414,"href":"https:\/\/ifdcarcano-crr.infd.edu.ar\/sitio\/wp-json\/wp\/v2\/pages\/1376\/revisions\/1414"}],"wp:attachment":[{"href":"https:\/\/ifdcarcano-crr.infd.edu.ar\/sitio\/wp-json\/wp\/v2\/media?parent=1376"}],"curies":[{"name":"wp","href":"https:\/\/api.w.org\/{rel}","templated":true}]}}