{"id":286,"date":"2016-10-31T13:17:59","date_gmt":"2016-10-31T16:17:59","guid":{"rendered":"https:\/\/ifdcarcano-crr.infd.edu.ar\/sitio\/?page_id=286"},"modified":"2025-02-26T11:15:10","modified_gmt":"2025-02-26T14:15:10","slug":"inicio","status":"publish","type":"page","link":"https:\/\/ifdcarcano-crr.infd.edu.ar\/sitio\/","title":{"rendered":"Inicio"},"content":{"rendered":"<p><!--\n\n\n<h1 style=\"background: #dfd; border-radius: 15px; padding: 10px 30px; text-align: center;\"><span class=\"fontstyle0\">MESAS DE EX\u00c1MEN DEL TURNO FEBRERO 2021\u00a0<\/span><\/h1>\n\n\n\n\n<h2 style=\"background: #EFC4AE; border-radius: 15px; padding: 10px 30px; text-align: center;\"><a href=\"https:\/\/drive.google.com\/file\/d\/1DCu2R-mgq5QGiHDLDTV9sY_QHdk5bg88\/view?usp=sharing\" target=\"_blank\" rel=\"noopener\">1er Llamado Febrero 2021<\/a><\/h2>\n\n\n\n\n<h2 style=\"background: #EFC4AE; border-radius: 15px; padding: 10px 30px; text-align: center;\"><a href=\"https:\/\/drive.google.com\/file\/d\/1ZyrDPMsB0fmRaR39cFhcF0ie5nv_XmY2\/view?usp=sharing\" target=\"_blank\" rel=\"noopener\">2do llamado Febrero 2021<\/a><\/h2>\n\n\n--><\/p>\n<h1 style=\"background: #dfd; border-radius: 15px; padding: 10px 30px; text-align: center;\"><a href=\"https:\/\/ifdcarcano-crr.infd.edu.ar\/sitio\/ingresantes\/\">Requisitos y Pre-inscripci\u00f3n para Ingresantes 2025<\/a><\/h1>\n<p style=\"text-align: center;\">\u00a0<\/p>\n<div id=\"metaslider-id-403\" style=\"width: 100%;\" class=\"ml-slider-3-33-0 metaslider metaslider-flex metaslider-403 ml-slider ms-theme-default\" role=\"region\" aria-roledescription=\"Slideshow\" aria-label=\"Slideshow\">\n    <div id=\"metaslider_container_403\">\n        <div id=\"metaslider_403\" class=\"flexslider\">\n            <ul aria-live=\"polite\" class=\"slides\">\n                <li style=\"display: block; width: 100%;\" class=\"slide-607 ms-image\" aria-roledescription=\"slide\" aria-label=\"slide-607\"><a href=\"https:\/\/mapa.infd.edu.ar\/\" target=\"_blank\"><img src=\"https:\/\/ifdcarcano-crr.infd.edu.ar\/sitio\/wp-content\/uploads\/2018\/06\/mapa_infd6-1100x200.png\" height=\"200\" width=\"1100\" alt=\"\" class=\"slider-403 slide-607\" title=\"mapa_infd6\" \/><\/a><\/li>\n                <li style=\"display: none; width: 100%;\" class=\"slide-609 ms-image\" aria-roledescription=\"slide\" aria-label=\"slide-609\"><a href=\"https:\/\/www.argentina.gob.ar\/educacion\/becas\" target=\"_blank\"><img src=\"https:\/\/ifdcarcano-crr.infd.edu.ar\/sitio\/wp-content\/uploads\/2018\/06\/becas7-1100x200.png\" height=\"200\" width=\"1100\" alt=\"\" class=\"slider-403 slide-609\" title=\"becas7\" \/><\/a><\/li>\n                <li style=\"display: none; width: 100%;\" class=\"slide-635 ms-image\" aria-roledescription=\"slide\" aria-label=\"slide-635\"><a href=\"https:\/\/www.argentina.gob.ar\/tema\/estudiar\/formacion-docencia\" target=\"_blank\"><img src=\"https:\/\/ifdcarcano-crr.infd.edu.ar\/sitio\/wp-content\/uploads\/2018\/06\/convocatorias_slide6-1-1100x200.png\" height=\"200\" width=\"1100\" alt=\"\" class=\"slider-403 slide-635\" title=\"convocatorias_slide6-1\" \/><\/a><\/li>\n            <\/ul>\n        <\/div>\n        \n    <\/div>\n<\/div>\n<h4 style=\"text-align: center;\">Profesorados de Educaci\u00f3n Secundaria en:<\/h4>\n<div>\n<ul style=\"background: #dfd; border-radius: 15px; padding: 10px 30px;\">\n<li><strong>Educaci\u00f3n Tecnol\u00f3gica<\/strong><\/li>\n<li><strong>F\u00edsica<\/strong><\/li>\n<li><b>Qu\u00edmica<\/b><\/li>\n<li><strong>Educaci\u00f3n Primaria<\/strong><\/li>\n<\/ul>\n<\/div>\n<h4 style=\"text-align: center;\">Tecnicaturas Superiores en:<\/h4>\n<ul style=\"background: #fdd; border-radius: 15px; padding: 10px 30px;\">\n<li><strong>Infraestructura Inform\u00e1tica<\/strong><\/li>\n<li><strong>Desarrollo de Software<\/strong><\/li>\n<li><strong>Gastronom\u00eda<br \/><\/strong><\/li>\n<li><strong>Industria Textil e Indumentaria<\/strong><\/li>\n<\/ul>\n<h4 style=\"text-align: center;\">M\u00e1s Informaci\u00f3n<\/h4>\n<ul style=\"background: #def; border-radius: 15px; padding: 10px 30px;\">\n<li>Pre-Inscripci\u00f3n On-line: <a href=\"http:\/\/simaeducativa.mec.gob.ar\/ingresantes\/\"><strong>simaeducativa.mec.gob.ar\/ingresantes\/<\/strong><\/a>.<\/li>\n<li>Requisitos y m\u00e1s en la secci\u00f3n\u00a0<strong><a href=\"https:\/\/ifdcarcano-crr.infd.edu.ar\/sitio\/ingresantes\/\" target=\"_blank\" rel=\"noopener\">Ingresantes 2025<\/a><\/strong>.<\/li>\n<\/ul>\n<p style=\"text-align: center; font-size: 0.8em;\"><span data-mce-mark=\"1\">Nuestro Instituto Superior de Formaci\u00f3n Docente forma parte del sistema de educaci\u00f3n p\u00fablica de gesti\u00f3n estatal de la Rep\u00fablica Argentina.<\/span><\/p>\n<p style=\"text-align: center; font-size: 0.8em;\">Junto con cientos de Institutos, integramos la\u00a0<strong>Red\u00a0Virtual de Institutos Superiores de Formaci\u00f3n Docente<\/strong>\u00a0coordinada por el\u00a0<strong>INFD<\/strong>\u00a0(Instituto Nacional de Formaci\u00f3n Docente) dependiente del Ministerio de Educaci\u00f3n de la Naci\u00f3n Argentina.<\/p>\n","protected":false},"excerpt":{"rendered":"<p>Requisitos y Pre-inscripci\u00f3n para Ingresantes 2025 \u00a0 Profesorados de Educaci\u00f3n Secundaria en: Educaci\u00f3n Tecnol\u00f3gica F\u00edsica Qu\u00edmica Educaci\u00f3n Primaria Tecnicaturas Superiores en: Infraestructura Inform\u00e1tica Desarrollo de Software Gastronom\u00eda Industria Textil e Indumentaria M\u00e1s Informaci\u00f3n Pre-Inscripci\u00f3n On-line: simaeducativa.mec.gob.ar\/ingresantes\/. Requisitos y m\u00e1s en la secci\u00f3n\u00a0Ingresantes 2025. Nuestro Instituto Superior de Formaci\u00f3n Docente forma parte del sistema de educaci\u00f3n &#8230; <a title=\"Inicio\" class=\"read-more\" href=\"https:\/\/ifdcarcano-crr.infd.edu.ar\/sitio\/\" aria-label=\"More on Inicio\">[+]<\/a><\/p>\n","protected":false},"author":1,"featured_media":0,"parent":0,"menu_order":0,"comment_status":"closed","ping_status":"closed","template":"","meta":[],"acf":[],"_links":{"self":[{"href":"https:\/\/ifdcarcano-crr.infd.edu.ar\/sitio\/wp-json\/wp\/v2\/pages\/286"}],"collection":[{"href":"https:\/\/ifdcarcano-crr.infd.edu.ar\/sitio\/wp-json\/wp\/v2\/pages"}],"about":[{"href":"https:\/\/ifdcarcano-crr.infd.edu.ar\/sitio\/wp-json\/wp\/v2\/types\/page"}],"author":[{"embeddable":true,"href":"https:\/\/ifdcarcano-crr.infd.edu.ar\/sitio\/wp-json\/wp\/v2\/users\/1"}],"replies":[{"embeddable":true,"href":"https:\/\/ifdcarcano-crr.infd.edu.ar\/sitio\/wp-json\/wp\/v2\/comments?post=286"}],"version-history":[{"count":151,"href":"https:\/\/ifdcarcano-crr.infd.edu.ar\/sitio\/wp-json\/wp\/v2\/pages\/286\/revisions"}],"predecessor-version":[{"id":1400,"href":"https:\/\/ifdcarcano-crr.infd.edu.ar\/sitio\/wp-json\/wp\/v2\/pages\/286\/revisions\/1400"}],"wp:attachment":[{"href":"https:\/\/ifdcarcano-crr.infd.edu.ar\/sitio\/wp-json\/wp\/v2\/media?parent=286"}],"curies":[{"name":"wp","href":"https:\/\/api.w.org\/{rel}","templated":true}]}}