{"id":761,"date":"2018-08-30T13:11:33","date_gmt":"2018-08-30T16:11:33","guid":{"rendered":"https:\/\/ifdcarcano-crr.infd.edu.ar\/sitio\/subsede-juan-pujol\/"},"modified":"2023-04-10T19:57:05","modified_gmt":"2023-04-10T22:57:05","slug":"subsede-juan-pujol","status":"publish","type":"page","link":"https:\/\/ifdcarcano-crr.infd.edu.ar\/sitio\/subsede-juan-pujol\/","title":{"rendered":"SUBSEDE JUAN PUJOL"},"content":{"rendered":"<p><img decoding=\"async\" loading=\"lazy\" class=\"wp-image-927 alignleft\" src=\"https:\/\/ifdcarcano-crr.infd.edu.ar\/sitio\/wp-content\/uploads\/2019\/09\/LOGO-subsede.jpg\" alt=\"\" width=\"335\" height=\"335\" srcset=\"https:\/\/ifdcarcano-crr.infd.edu.ar\/sitio\/wp-content\/uploads\/2019\/09\/LOGO-subsede.jpg 768w, https:\/\/ifdcarcano-crr.infd.edu.ar\/sitio\/wp-content\/uploads\/2019\/09\/LOGO-subsede-500x500.jpg 500w\" sizes=\"(max-width: 335px) 100vw, 335px\" \/><\/p>\n<p><strong>Coordinadora de subsede<\/strong>: Prof. Griselda Miller<\/p>\n<p><strong>Datos de contacto<\/strong>:<\/p>\n<p>Direcci\u00f3n: \u00a0Colegio Secundario Gdor. Juan Pujol.<\/p>\n<p>Francisco Arru\u00e9 s\/n \u2013 aula N\u00b0 5<\/p>\n<p>Celular: 03775 \u2013 15442125<\/p>\n<p><strong>Carreras en curso:<\/strong><\/p>\n<ul>\n<li>Tecnicatura Superior en Producci\u00f3n Frutihort\u00edcola<\/li>\n<\/ul>\n<hr \/>\n<h3><strong>Oferta Acad\u00e9mica 2023<br \/>\n<\/strong><\/h3>\n<p><img decoding=\"async\" loading=\"lazy\" class=\"size-medium wp-image-1301 aligncenter\" src=\"https:\/\/ifdcarcano-crr.infd.edu.ar\/sitio\/wp-content\/uploads\/2021\/12\/260087026_4722814747779932_538759623330103032_n-709x1000.jpg\" alt=\"\" width=\"709\" height=\"1000\" srcset=\"https:\/\/ifdcarcano-crr.infd.edu.ar\/sitio\/wp-content\/uploads\/2021\/12\/260087026_4722814747779932_538759623330103032_n-709x1000.jpg 709w, https:\/\/ifdcarcano-crr.infd.edu.ar\/sitio\/wp-content\/uploads\/2021\/12\/260087026_4722814747779932_538759623330103032_n-768x1083.jpg 768w, https:\/\/ifdcarcano-crr.infd.edu.ar\/sitio\/wp-content\/uploads\/2021\/12\/260087026_4722814747779932_538759623330103032_n.jpg 908w\" sizes=\"(max-width: 709px) 100vw, 709px\" \/><\/p>\n<div align=\"center\"><a href=\"https:\/\/www.facebook.com\/subsedejuanpujol\" target=\"_blank\" rel=\"noopener\"><strong><br \/>\n<img decoding=\"async\" loading=\"lazy\" class=\"alignnone wp-image-930\" src=\"https:\/\/ifdcarcano-crr.infd.edu.ar\/sitio\/wp-content\/uploads\/2019\/09\/facebook_logo_portada-1000x700.jpg\" alt=\"\" width=\"193\" height=\"135\" srcset=\"https:\/\/ifdcarcano-crr.infd.edu.ar\/sitio\/wp-content\/uploads\/2019\/09\/facebook_logo_portada.jpg 1000w, https:\/\/ifdcarcano-crr.infd.edu.ar\/sitio\/wp-content\/uploads\/2019\/09\/facebook_logo_portada-768x538.jpg 768w\" sizes=\"(max-width: 193px) 100vw, 193px\" \/><br \/>\nM\u00e1s Informaci\u00f3n<\/strong><\/a><\/div>\n<div align=\"center\"><a href=\"https:\/\/www.google.com.ar\/maps\/place\/Subsede+En+Juan+Pujol+ISFD+Dr.+Ram%C3%B3n+J.+Carcano\/@-30.4184384,-57.8549273,643m\/data=!3m1!1e3!4m12!1m6!3m5!1s0x95ad3b479ec457c1:0x72354282a9770482!2sSubsede+En+Juan+Pujol+ISFD+Dr.+Ram%C3%B3n+J.+Carcano!8m2!3d-30.4183242!4d-57.8552056!3m4!1s0x95ad3b479ec457c1:0x72354282a9770482!8m2!3d-30.4183242!4d-57.8552056\" target=\"_blank\" rel=\"noopener\"><img decoding=\"async\" loading=\"lazy\" class=\"alignnone wp-image-928\" src=\"https:\/\/ifdcarcano-crr.infd.edu.ar\/sitio\/wp-content\/uploads\/2019\/09\/subsede.png\" alt=\"\" width=\"212\" height=\"120\" \/><br \/>\n<strong>\u00bfD\u00f3nde estamos?\u00a0<\/strong><\/a><\/div>\n","protected":false},"excerpt":{"rendered":"<p>Coordinadora de subsede: Prof. Griselda Miller Datos de contacto: Direcci\u00f3n: \u00a0Colegio Secundario Gdor. Juan Pujol. Francisco Arru\u00e9 s\/n \u2013 aula N\u00b0 5 Celular: 03775 \u2013 15442125 Carreras en curso: Tecnicatura Superior en Producci\u00f3n Frutihort\u00edcola Oferta Acad\u00e9mica 2023 M\u00e1s Informaci\u00f3n \u00bfD\u00f3nde estamos?\u00a0<\/p>\n","protected":false},"author":333,"featured_media":0,"parent":0,"menu_order":0,"comment_status":"closed","ping_status":"closed","template":"","meta":[],"acf":[],"_links":{"self":[{"href":"https:\/\/ifdcarcano-crr.infd.edu.ar\/sitio\/wp-json\/wp\/v2\/pages\/761"}],"collection":[{"href":"https:\/\/ifdcarcano-crr.infd.edu.ar\/sitio\/wp-json\/wp\/v2\/pages"}],"about":[{"href":"https:\/\/ifdcarcano-crr.infd.edu.ar\/sitio\/wp-json\/wp\/v2\/types\/page"}],"author":[{"embeddable":true,"href":"https:\/\/ifdcarcano-crr.infd.edu.ar\/sitio\/wp-json\/wp\/v2\/users\/333"}],"replies":[{"embeddable":true,"href":"https:\/\/ifdcarcano-crr.infd.edu.ar\/sitio\/wp-json\/wp\/v2\/comments?post=761"}],"version-history":[{"count":19,"href":"https:\/\/ifdcarcano-crr.infd.edu.ar\/sitio\/wp-json\/wp\/v2\/pages\/761\/revisions"}],"predecessor-version":[{"id":1326,"href":"https:\/\/ifdcarcano-crr.infd.edu.ar\/sitio\/wp-json\/wp\/v2\/pages\/761\/revisions\/1326"}],"wp:attachment":[{"href":"https:\/\/ifdcarcano-crr.infd.edu.ar\/sitio\/wp-json\/wp\/v2\/media?parent=761"}],"curies":[{"name":"wp","href":"https:\/\/api.w.org\/{rel}","templated":true}]}}