{"id":784,"date":"2018-08-30T13:11:41","date_gmt":"2018-08-30T16:11:41","guid":{"rendered":"https:\/\/ifdcarcano-crr.infd.edu.ar\/sitio\/profesorado-de-educacion-secundaria-en-biologia\/"},"modified":"2023-04-11T19:03:21","modified_gmt":"2023-04-11T22:03:21","slug":"profesorado-de-educacion-secundaria-en-biologia","status":"publish","type":"page","link":"https:\/\/ifdcarcano-crr.infd.edu.ar\/sitio\/profesorado-de-educacion-secundaria-en-biologia\/","title":{"rendered":"Profesorado de Educaci\u00f3n Secundaria en Biolog\u00eda"},"content":{"rendered":"<p><strong>Denominaci\u00f3n de la carrera: <\/strong>\u00a0Profesorado de Educaci\u00f3n Secundaria en Biolog\u00eda<\/p>\n<p><strong>Resoluci\u00f3n Ministerial N\u00b0: <\/strong>4173\/16<\/p>\n<p><strong>T\u00edtulo que otorga: <\/strong>Profesor\/a de educaci\u00f3n secundaria en biolog\u00eda<\/p>\n<p><strong>Duraci\u00f3n: <\/strong>4 a\u00f1os<\/p>\n<p><strong>Horario de cursada:<\/strong>\u00a0Lunes a viernes de 18 a 23Hs.<\/p>\n<p><strong>Plan de estudios:<\/strong><\/p>\n<table style=\"border-color: #006699;\" border=\"1\" width=\"604\">\n<tbody>\n<tr>\n<td colspan=\"5\" width=\"604\"><strong>1\u00b0 A\u00d1O<\/strong><\/td>\n<\/tr>\n<tr>\n<td width=\"31\"><strong>\u00a0<\/strong><\/td>\n<td width=\"246\"><strong>Unidad Curricular<\/strong><\/td>\n<td width=\"112\"><strong>R\u00e9gimen<\/strong><\/td>\n<td width=\"112\"><strong>Formato<\/strong><\/td>\n<td width=\"103\"><strong>Horas Did\u00e1cticas<\/strong><\/td>\n<\/tr>\n<tr>\n<td width=\"31\">1<\/td>\n<td width=\"246\">Pedagog\u00eda<\/td>\n<td width=\"112\">Anual<\/td>\n<td width=\"112\">Materia<\/td>\n<td width=\"103\">3 horas<\/td>\n<\/tr>\n<tr>\n<td width=\"31\">2<\/td>\n<td width=\"246\">Psicolog\u00eda Educacional<\/td>\n<td width=\"112\">Anual<\/td>\n<td width=\"112\">Materia<\/td>\n<td width=\"103\">4 horas<\/td>\n<\/tr>\n<tr>\n<td width=\"31\">3<\/td>\n<td width=\"246\">Did\u00e1ctica General<\/td>\n<td width=\"112\">Anual<\/td>\n<td width=\"112\">Materia<\/td>\n<td width=\"103\">4 horas<\/td>\n<\/tr>\n<tr>\n<td width=\"31\">4<\/td>\n<td width=\"246\">Lectura y escritura acad\u00e9mica<\/td>\n<td width=\"112\">Anual<\/td>\n<td width=\"112\">Taller<\/td>\n<td width=\"103\">3 horas<\/td>\n<\/tr>\n<tr>\n<td width=\"31\">5<\/td>\n<td width=\"246\">Biolog\u00eda General<\/td>\n<td width=\"112\">Anual<\/td>\n<td width=\"112\">Materia<\/td>\n<td width=\"103\">6 horas<\/td>\n<\/tr>\n<tr>\n<td width=\"31\">6<\/td>\n<td width=\"246\">Diversidad Vegetal<\/td>\n<td width=\"112\">Anual<\/td>\n<td width=\"112\">Materia<\/td>\n<td width=\"103\">5 horas<\/td>\n<\/tr>\n<tr>\n<td width=\"31\">7<\/td>\n<td width=\"246\">Qu\u00edmica General<\/td>\n<td width=\"112\">Cuatrimestral<\/td>\n<td width=\"112\">Materia<\/td>\n<td width=\"103\">5 horas<\/td>\n<\/tr>\n<tr>\n<td width=\"31\">8<\/td>\n<td width=\"246\">Qu\u00edmica Biol\u00f3gica y\u00a0 Biof\u00edsica<\/td>\n<td width=\"112\">Cuatrimestral<\/td>\n<td width=\"112\">Materia<\/td>\n<td width=\"103\">6 horas<\/td>\n<\/tr>\n<tr>\n<td width=\"31\">9<\/td>\n<td width=\"246\">Pr\u00e1ctica Docente I<\/td>\n<td width=\"112\">Anual<\/td>\n<td width=\"112\">Pr\u00e1ctica docente<\/td>\n<td width=\"103\">5 horas<\/td>\n<\/tr>\n<tr>\n<td colspan=\"5\" width=\"604\"><strong>2\u00b0 A\u00d1O<\/strong><\/td>\n<\/tr>\n<tr>\n<td width=\"31\">10<\/td>\n<td width=\"246\">Tecnolog\u00eda de la informaci\u00f3n y la comunicaci\u00f3n<\/td>\n<td width=\"112\">Cuatrimestral<\/td>\n<td width=\"112\">Taller<\/td>\n<td width=\"103\">4 horas<\/td>\n<\/tr>\n<tr>\n<td width=\"31\">11<\/td>\n<td width=\"246\">Historia Argentina y Latinoamericana<\/td>\n<td width=\"112\">Cuatrimestral<\/td>\n<td width=\"112\">Materia<\/td>\n<td width=\"103\">4 horas<\/td>\n<\/tr>\n<tr>\n<td width=\"31\">12<\/td>\n<td width=\"246\">Did\u00e1ctica de la biolog\u00eda I<\/td>\n<td width=\"112\">Cuatrimestral<\/td>\n<td width=\"112\">Materia<\/td>\n<td width=\"103\">5 horas<\/td>\n<\/tr>\n<tr>\n<td width=\"31\">13<\/td>\n<td width=\"246\">Filosof\u00eda<\/td>\n<td width=\"112\">Cuatrimestral<\/td>\n<td width=\"112\">Materia<\/td>\n<td width=\"103\">4 horas<\/td>\n<\/tr>\n<tr>\n<td width=\"31\">14<\/td>\n<td width=\"246\">Sujeto de la educaci\u00f3n secundaria<\/td>\n<td width=\"112\">Cuatrimestral<\/td>\n<td width=\"112\">Materia<\/td>\n<td width=\"103\">4 horas<\/td>\n<\/tr>\n<tr>\n<td width=\"31\">15<\/td>\n<td width=\"246\">Diversidad Animal<\/td>\n<td width=\"112\">Anual<\/td>\n<td width=\"112\">Materia<\/td>\n<td width=\"103\">4 horas<\/td>\n<\/tr>\n<tr>\n<td width=\"31\">16<\/td>\n<td width=\"246\">Matem\u00e1tica y bioestad\u00edstica<\/td>\n<td width=\"112\">Anual<\/td>\n<td width=\"112\">Materia<\/td>\n<td width=\"103\">3 horas<\/td>\n<\/tr>\n<tr>\n<td width=\"31\">17<\/td>\n<td width=\"246\">Biolog\u00eda del organismo humano<\/td>\n<td width=\"112\">Anual<\/td>\n<td width=\"112\">Materia<\/td>\n<td width=\"103\">6 horas<\/td>\n<\/tr>\n<tr>\n<td width=\"31\">18<\/td>\n<td width=\"246\">Microbiolog\u00eda y micolog\u00eda<\/td>\n<td width=\"112\">Cuatrimestral<\/td>\n<td width=\"112\">Materia<\/td>\n<td width=\"103\">5 horas<\/td>\n<\/tr>\n<tr>\n<td width=\"31\">19<\/td>\n<td width=\"246\">Pr\u00e1ctica Docente II<\/td>\n<td width=\"112\">Anual<\/td>\n<td width=\"112\">Pr\u00e1ctica docente<\/td>\n<td width=\"103\">7 horas<\/td>\n<\/tr>\n<tr>\n<td colspan=\"5\" width=\"604\">\u00a0<strong>3\u00b0 A\u00d1O<\/strong><\/td>\n<\/tr>\n<tr>\n<td width=\"31\">20<\/td>\n<td width=\"246\">Historia y Pol\u00edtica de la Educaci\u00f3n Argentina<\/td>\n<td width=\"112\">Cuatrimestral<\/td>\n<td width=\"112\">Materia<\/td>\n<td width=\"103\">3 horas<\/td>\n<\/tr>\n<tr>\n<td width=\"31\">21<\/td>\n<td width=\"246\">Lengua Extranjera: ingl\u00e9s<\/td>\n<td width=\"112\">Cuatrimestral<\/td>\n<td width=\"112\">Taller<\/td>\n<td width=\"103\">3 horas<\/td>\n<\/tr>\n<tr>\n<td width=\"31\">22<\/td>\n<td width=\"246\">Sociolog\u00eda de la educaci\u00f3n<\/td>\n<td width=\"112\">Cuatrimestral<\/td>\n<td width=\"112\">Materia<\/td>\n<td width=\"103\">4 horas<\/td>\n<\/tr>\n<tr>\n<td width=\"31\">23<\/td>\n<td width=\"246\">\u00c9tica y Ciudadan\u00eda<\/td>\n<td width=\"112\">Cuatrimestral<\/td>\n<td width=\"112\">Materia<\/td>\n<td width=\"103\">3 horas<\/td>\n<\/tr>\n<tr>\n<td width=\"31\">24<\/td>\n<td width=\"246\">Tecnolog\u00eda de la Informaci\u00f3n y la comunicaci\u00f3n en la ense\u00f1anza<\/td>\n<td width=\"112\">Cuatrimestral<\/td>\n<td width=\"112\">Taller<\/td>\n<td width=\"103\">3 horas<\/td>\n<\/tr>\n<tr>\n<td width=\"31\">25<\/td>\n<td width=\"246\">Did\u00e1ctica de la biolog\u00eda II<\/td>\n<td width=\"112\">Anual<\/td>\n<td width=\"112\">Materia<\/td>\n<td width=\"103\">5 horas<\/td>\n<\/tr>\n<tr>\n<td width=\"31\">26<\/td>\n<td width=\"246\">Biolog\u00eda celular y molecular<\/td>\n<td width=\"112\">Anual<\/td>\n<td width=\"112\">Materia<\/td>\n<td width=\"103\">5 horas<\/td>\n<\/tr>\n<tr>\n<td width=\"31\">27<\/td>\n<td width=\"246\">Metodolog\u00eda de la investigaci\u00f3n<\/td>\n<td width=\"112\">Cuatrimestral<\/td>\n<td width=\"112\">Taller<\/td>\n<td width=\"103\">3 horas<\/td>\n<\/tr>\n<tr>\n<td width=\"31\">28<\/td>\n<td width=\"246\">Salud y medio ambiente<\/td>\n<td width=\"112\">Anual<\/td>\n<td width=\"112\">Materia<\/td>\n<td width=\"103\">3 horas<\/td>\n<\/tr>\n<tr>\n<td width=\"31\">29<\/td>\n<td width=\"246\">Pr\u00e1ctica Docente III<\/td>\n<td width=\"112\">Anual<\/td>\n<td width=\"112\">Pr\u00e1ctica docente<\/td>\n<td width=\"103\">7 horas<\/td>\n<\/tr>\n<tr>\n<td colspan=\"5\" width=\"604\">\u00a0<strong>4\u00b0 A\u00d1O<\/strong><\/td>\n<\/tr>\n<tr>\n<td width=\"31\">30<\/td>\n<td width=\"246\">Educaci\u00f3n Sexual Integral<\/td>\n<td width=\"112\">Cuatrimestral<\/td>\n<td width=\"112\">Taller<\/td>\n<td width=\"103\">4 horas<\/td>\n<\/tr>\n<tr>\n<td width=\"31\">31<\/td>\n<td width=\"246\">Propuesta Variable o Complementaria<\/td>\n<td width=\"112\">Anual<\/td>\n<td width=\"112\">Seminario<\/td>\n<td width=\"103\">3 horas<\/td>\n<\/tr>\n<tr>\n<td width=\"31\">32<\/td>\n<td width=\"246\">Ecolog\u00eda y etolog\u00eda<\/td>\n<td width=\"112\">Anual<\/td>\n<td width=\"112\">Materia<\/td>\n<td width=\"103\">4 horas<\/td>\n<\/tr>\n<tr>\n<td width=\"31\">33<\/td>\n<td width=\"246\">Gen\u00e9tica<\/td>\n<td width=\"112\">Anual<\/td>\n<td width=\"112\">Materia<\/td>\n<td width=\"103\">4 horas<\/td>\n<\/tr>\n<tr>\n<td width=\"31\">34<\/td>\n<td width=\"246\">Residencia pedag\u00f3gica<\/td>\n<td width=\"112\">Anual<\/td>\n<td width=\"112\">Pr\u00e1cticas Docentes<\/td>\n<td width=\"103\">12 horas<\/td>\n<\/tr>\n<\/tbody>\n<\/table>\n","protected":false},"excerpt":{"rendered":"<p>Denominaci\u00f3n de la carrera: \u00a0Profesorado de Educaci\u00f3n Secundaria en Biolog\u00eda Resoluci\u00f3n Ministerial N\u00b0: 4173\/16 T\u00edtulo que otorga: Profesor\/a de educaci\u00f3n secundaria en biolog\u00eda Duraci\u00f3n: 4 a\u00f1os Horario de cursada:\u00a0Lunes a viernes de 18 a 23Hs. Plan de estudios: 1\u00b0 A\u00d1O \u00a0 Unidad Curricular R\u00e9gimen Formato Horas Did\u00e1cticas 1 Pedagog\u00eda Anual Materia 3 horas 2 Psicolog\u00eda &#8230; <a title=\"Profesorado de Educaci\u00f3n Secundaria en Biolog\u00eda\" class=\"read-more\" href=\"https:\/\/ifdcarcano-crr.infd.edu.ar\/sitio\/profesorado-de-educacion-secundaria-en-biologia\/\" aria-label=\"More on Profesorado de Educaci\u00f3n Secundaria en Biolog\u00eda\">[+]<\/a><\/p>\n","protected":false},"author":333,"featured_media":0,"parent":0,"menu_order":0,"comment_status":"closed","ping_status":"closed","template":"","meta":[],"acf":[],"_links":{"self":[{"href":"https:\/\/ifdcarcano-crr.infd.edu.ar\/sitio\/wp-json\/wp\/v2\/pages\/784"}],"collection":[{"href":"https:\/\/ifdcarcano-crr.infd.edu.ar\/sitio\/wp-json\/wp\/v2\/pages"}],"about":[{"href":"https:\/\/ifdcarcano-crr.infd.edu.ar\/sitio\/wp-json\/wp\/v2\/types\/page"}],"author":[{"embeddable":true,"href":"https:\/\/ifdcarcano-crr.infd.edu.ar\/sitio\/wp-json\/wp\/v2\/users\/333"}],"replies":[{"embeddable":true,"href":"https:\/\/ifdcarcano-crr.infd.edu.ar\/sitio\/wp-json\/wp\/v2\/comments?post=784"}],"version-history":[{"count":3,"href":"https:\/\/ifdcarcano-crr.infd.edu.ar\/sitio\/wp-json\/wp\/v2\/pages\/784\/revisions"}],"predecessor-version":[{"id":1332,"href":"https:\/\/ifdcarcano-crr.infd.edu.ar\/sitio\/wp-json\/wp\/v2\/pages\/784\/revisions\/1332"}],"wp:attachment":[{"href":"https:\/\/ifdcarcano-crr.infd.edu.ar\/sitio\/wp-json\/wp\/v2\/media?parent=784"}],"curies":[{"name":"wp","href":"https:\/\/api.w.org\/{rel}","templated":true}]}}