{"id":786,"date":"2018-08-30T13:11:42","date_gmt":"2018-08-30T16:11:42","guid":{"rendered":"https:\/\/ifdcarcano-crr.infd.edu.ar\/sitio\/profesorado-de-educacion-secundaria-en-fisica\/"},"modified":"2023-04-11T19:03:53","modified_gmt":"2023-04-11T22:03:53","slug":"profesorado-de-educacion-secundaria-en-fisica","status":"publish","type":"page","link":"https:\/\/ifdcarcano-crr.infd.edu.ar\/sitio\/profesorado-de-educacion-secundaria-en-fisica\/","title":{"rendered":"Profesorado de Educaci\u00f3n Secundaria en F\u00edsica"},"content":{"rendered":"<p><strong>Denominaci\u00f3n de la carrera: <\/strong>\u00a0Profesorado de Educaci\u00f3n Secundaria en F\u00edsica<\/p>\n<p><strong>Resoluci\u00f3n Ministerial N\u00b0: <\/strong>4169\/16<\/p>\n<p><strong>T\u00edtulo que otorga: <\/strong>Profesor\/a de educaci\u00f3n secundaria en f\u00edsica<\/p>\n<p><strong>Duraci\u00f3n: <\/strong>4 a\u00f1os<\/p>\n<p><strong>Horario de cursada:<\/strong> Lunes a viernes de 7.30 a 12.30Hs.<\/p>\n<p><strong>Plan de estudios:<\/strong><\/p>\n<table style=\"border-color: #006699;\" border=\"1\" width=\"604\">\n<tbody>\n<tr>\n<td colspan=\"5\" width=\"604\"><strong>1\u00b0 A\u00d1O<\/strong><\/td>\n<\/tr>\n<tr>\n<td width=\"31\"><strong>\u00a0<\/strong><\/td>\n<td width=\"246\"><strong>Unidad Curricular<\/strong><\/td>\n<td width=\"112\"><strong>R\u00e9gimen<\/strong><\/td>\n<td width=\"112\"><strong>Formato<\/strong><\/td>\n<td width=\"103\"><strong>Horas Did\u00e1cticas<\/strong><\/td>\n<\/tr>\n<tr>\n<td width=\"31\">1<\/td>\n<td width=\"246\">Pedagog\u00eda<\/td>\n<td width=\"112\">Cuatrimestral<\/td>\n<td width=\"112\">Materia<\/td>\n<td width=\"103\">6 horas<\/td>\n<\/tr>\n<tr>\n<td width=\"31\">2<\/td>\n<td width=\"246\">Psicolog\u00eda Educacional<\/td>\n<td width=\"112\">Anual<\/td>\n<td width=\"112\">Materia<\/td>\n<td width=\"103\">4 horas<\/td>\n<\/tr>\n<tr>\n<td width=\"31\">3<\/td>\n<td width=\"246\">Did\u00e1ctica General<\/td>\n<td width=\"112\">Anual<\/td>\n<td width=\"112\">Materia<\/td>\n<td width=\"103\">4 horas<\/td>\n<\/tr>\n<tr>\n<td width=\"31\">4<\/td>\n<td width=\"246\">Lectura y escritura acad\u00e9mica<\/td>\n<td width=\"112\">Anual<\/td>\n<td width=\"112\">Taller<\/td>\n<td width=\"103\">3 horas<\/td>\n<\/tr>\n<tr>\n<td width=\"31\">5<\/td>\n<td width=\"246\">F\u00edsica mec\u00e1nica<\/td>\n<td width=\"112\">Anual<\/td>\n<td width=\"112\">Materia<\/td>\n<td width=\"103\">5 horas<\/td>\n<\/tr>\n<tr>\n<td width=\"31\">6<\/td>\n<td width=\"246\">\u00c1lgebra y geometr\u00eda anal\u00edtica<\/td>\n<td width=\"112\">Anual<\/td>\n<td width=\"112\">Materia<\/td>\n<td width=\"103\">3 horas<\/td>\n<\/tr>\n<tr>\n<td width=\"31\">7<\/td>\n<td width=\"246\">An\u00e1lisis matem\u00e1tico<\/td>\n<td width=\"112\">Anual<\/td>\n<td width=\"112\">Materia<\/td>\n<td width=\"103\">3 horas<\/td>\n<\/tr>\n<tr>\n<td width=\"31\">8<\/td>\n<td width=\"246\">Qu\u00edmica General<\/td>\n<td width=\"112\">Anual<\/td>\n<td width=\"112\">Materia<\/td>\n<td width=\"103\">3 horas<\/td>\n<\/tr>\n<tr>\n<td width=\"31\">9<\/td>\n<td width=\"246\">Pr\u00e1ctica Docente I<\/td>\n<td width=\"112\">Anual<\/td>\n<td width=\"112\">Pr\u00e1ctica docente<\/td>\n<td width=\"103\">5 horas<\/td>\n<\/tr>\n<tr>\n<td colspan=\"5\" width=\"604\"><strong>\u00a02\u00b0 A\u00d1O<\/strong><\/td>\n<\/tr>\n<tr>\n<td width=\"31\">10<\/td>\n<td width=\"246\">Filosof\u00eda de la educaci\u00f3n<\/td>\n<td width=\"112\">Cuatrimestral<\/td>\n<td width=\"112\">Materia<\/td>\n<td width=\"103\">4 horas<\/td>\n<\/tr>\n<tr>\n<td width=\"31\">11<\/td>\n<td width=\"246\">Tecnolog\u00eda de la informaci\u00f3n y la comunicaci\u00f3n<\/td>\n<td width=\"112\">Cuatrimestral<\/td>\n<td width=\"112\">Materia<\/td>\n<td width=\"103\">4 horas<\/td>\n<\/tr>\n<tr>\n<td width=\"31\">12<\/td>\n<td width=\"246\">Sociolog\u00eda de la educaci\u00f3n<\/td>\n<td width=\"112\">Cuatrimestral<\/td>\n<td width=\"112\">Materia<\/td>\n<td width=\"103\">4 horas<\/td>\n<\/tr>\n<tr>\n<td width=\"31\">13<\/td>\n<td width=\"246\">Historia Argentina y Latinoamericana<\/td>\n<td width=\"112\">Cuatrimestral<\/td>\n<td width=\"112\">Materia<\/td>\n<td width=\"103\">4 horas<\/td>\n<\/tr>\n<tr>\n<td width=\"31\">14<\/td>\n<td width=\"246\">Termodin\u00e1mica<\/td>\n<td width=\"112\">Anual<\/td>\n<td width=\"112\">Materia<\/td>\n<td width=\"103\">5 horas<\/td>\n<\/tr>\n<tr>\n<td width=\"31\">15<\/td>\n<td width=\"246\">F\u00edsica de los fluidos<\/td>\n<td width=\"112\">Anual<\/td>\n<td width=\"112\">Materia<\/td>\n<td width=\"103\">4 horas<\/td>\n<\/tr>\n<tr>\n<td width=\"31\">16<\/td>\n<td width=\"246\">Astronom\u00eda<\/td>\n<td width=\"112\">Cuatrimestral<\/td>\n<td width=\"112\">Taller<\/td>\n<td width=\"103\">3 horas<\/td>\n<\/tr>\n<tr>\n<td width=\"31\">17<\/td>\n<td width=\"246\">Did\u00e1ctica de la f\u00edsica I<\/td>\n<td width=\"112\">Anual<\/td>\n<td width=\"112\">Materia<\/td>\n<td width=\"103\">4 horas<\/td>\n<\/tr>\n<tr>\n<td width=\"31\">18<\/td>\n<td width=\"246\">Sujeto de la educaci\u00f3n secundaria<\/td>\n<td width=\"112\">Cuatrimestral<\/td>\n<td width=\"112\">Materia<\/td>\n<td width=\"103\">5 horas<\/td>\n<\/tr>\n<tr>\n<td width=\"31\">19<\/td>\n<td width=\"246\">Pr\u00e1ctica Docente II<\/td>\n<td width=\"112\">Anual<\/td>\n<td width=\"112\">Pr\u00e1ctica docente<\/td>\n<td width=\"103\">7 horas<\/td>\n<\/tr>\n<tr>\n<td colspan=\"5\" width=\"604\">\u00a0<strong>3\u00b0 A\u00d1O<\/strong><\/td>\n<\/tr>\n<tr>\n<td width=\"31\">20<\/td>\n<td width=\"246\">Historia y Pol\u00edtica de la Educaci\u00f3n Argentina<\/td>\n<td width=\"112\">Cuatrimestral<\/td>\n<td width=\"112\">Materia<\/td>\n<td width=\"103\">4 horas<\/td>\n<\/tr>\n<tr>\n<td width=\"31\">21<\/td>\n<td width=\"246\">Lengua Extranjera: portugu\u00e9s<\/td>\n<td width=\"112\">Cuatrimestral<\/td>\n<td width=\"112\">Materia<\/td>\n<td width=\"103\">3 horas<\/td>\n<\/tr>\n<tr>\n<td width=\"31\">22<\/td>\n<td width=\"246\">Did\u00e1ctica de la f\u00edsica II<\/td>\n<td width=\"112\">Anual<\/td>\n<td width=\"112\">Materia<\/td>\n<td width=\"103\">4 horas<\/td>\n<\/tr>\n<tr>\n<td width=\"31\">23<\/td>\n<td width=\"246\">Electricidad y magnetismo<\/td>\n<td width=\"112\">Anual<\/td>\n<td width=\"112\">Materia<\/td>\n<td width=\"103\">5 horas<\/td>\n<\/tr>\n<tr>\n<td width=\"31\">24<\/td>\n<td width=\"246\">Fen\u00f3menos ondulatorios<\/td>\n<td width=\"112\">Anual<\/td>\n<td width=\"112\">Materia<\/td>\n<td width=\"103\">5 horas<\/td>\n<\/tr>\n<tr>\n<td width=\"31\">25<\/td>\n<td width=\"246\">Ciencias de la tierra<\/td>\n<td width=\"112\">Cuatrimestral<\/td>\n<td width=\"112\">Taller<\/td>\n<td width=\"103\">3 horas<\/td>\n<\/tr>\n<tr>\n<td width=\"31\">26<\/td>\n<td width=\"246\">Epistemolog\u00eda e historia de la f\u00edsica<\/td>\n<td width=\"112\">Anual<\/td>\n<td width=\"112\">Materia<\/td>\n<td width=\"103\">3 horas<\/td>\n<\/tr>\n<tr>\n<td width=\"31\">27<\/td>\n<td width=\"246\">Tecnolog\u00eda de la Informaci\u00f3n y la comunicaci\u00f3n en la ense\u00f1anza<\/td>\n<td width=\"112\">Cuatrimestral<\/td>\n<td width=\"112\">Taller<\/td>\n<td width=\"103\">4 horas<\/td>\n<\/tr>\n<tr>\n<td width=\"31\">28<\/td>\n<td width=\"246\">Propuesta variable o complementaria<\/td>\n<td width=\"112\">Anual<\/td>\n<td width=\"112\">Taller<\/td>\n<td width=\"103\">3 horas<\/td>\n<\/tr>\n<tr>\n<td width=\"31\">29<\/td>\n<td width=\"246\">Pr\u00e1ctica Docente III<\/td>\n<td width=\"112\">Anual<\/td>\n<td width=\"112\">Pr\u00e1ctica docente<\/td>\n<td width=\"103\">7 horas<\/td>\n<\/tr>\n<tr>\n<td colspan=\"5\" width=\"604\"><strong>4\u00b0 A\u00d1O<br \/>\n<\/strong><\/td>\n<\/tr>\n<tr>\n<td width=\"31\">30<\/td>\n<td width=\"246\">\u00c9tica y Ciudadan\u00eda<\/td>\n<td width=\"112\">Cuatrimestral<\/td>\n<td width=\"112\">Materia<\/td>\n<td width=\"103\">4 horas<\/td>\n<\/tr>\n<tr>\n<td width=\"31\">31<\/td>\n<td width=\"246\">F\u00edsica Moderna<\/td>\n<td width=\"112\">Anual<\/td>\n<td width=\"112\">Materia<\/td>\n<td width=\"103\">5 horas<\/td>\n<\/tr>\n<tr>\n<td width=\"31\">32<\/td>\n<td width=\"246\">Ciencias f\u00edsicas y su influencia en la sociedad<\/td>\n<td width=\"112\">Cuatrimestral<\/td>\n<td width=\"112\">Seminario<\/td>\n<td width=\"103\">3 horas<\/td>\n<\/tr>\n<tr>\n<td width=\"31\">33<\/td>\n<td width=\"246\">Investigaci\u00f3n did\u00e1ctico &#8211; disciplinar<\/td>\n<td width=\"112\">Cuatrimestral<\/td>\n<td width=\"112\">Seminario<\/td>\n<td width=\"103\">3 horas<\/td>\n<\/tr>\n<tr>\n<td width=\"31\">34<\/td>\n<td width=\"246\">Educaci\u00f3n Sexual Integral<\/td>\n<td width=\"112\">Cuatrimestral<\/td>\n<td width=\"112\">Taller<\/td>\n<td width=\"103\">4 horas<\/td>\n<\/tr>\n<tr>\n<td width=\"31\">35<\/td>\n<td width=\"246\">Pr\u00e1ctica Docente IV<\/td>\n<td width=\"112\">Anual<\/td>\n<td width=\"112\">Pr\u00e1ctica docente<\/td>\n<td width=\"103\">12 horas<\/td>\n<\/tr>\n<\/tbody>\n<\/table>\n","protected":false},"excerpt":{"rendered":"<p>Denominaci\u00f3n de la carrera: \u00a0Profesorado de Educaci\u00f3n Secundaria en F\u00edsica Resoluci\u00f3n Ministerial N\u00b0: 4169\/16 T\u00edtulo que otorga: Profesor\/a de educaci\u00f3n secundaria en f\u00edsica Duraci\u00f3n: 4 a\u00f1os Horario de cursada: Lunes a viernes de 7.30 a 12.30Hs. Plan de estudios: 1\u00b0 A\u00d1O \u00a0 Unidad Curricular R\u00e9gimen Formato Horas Did\u00e1cticas 1 Pedagog\u00eda Cuatrimestral Materia 6 horas 2 &#8230; <a title=\"Profesorado de Educaci\u00f3n Secundaria en F\u00edsica\" class=\"read-more\" href=\"https:\/\/ifdcarcano-crr.infd.edu.ar\/sitio\/profesorado-de-educacion-secundaria-en-fisica\/\" aria-label=\"More on Profesorado de Educaci\u00f3n Secundaria en F\u00edsica\">[+]<\/a><\/p>\n","protected":false},"author":333,"featured_media":0,"parent":0,"menu_order":0,"comment_status":"closed","ping_status":"closed","template":"","meta":[],"acf":[],"_links":{"self":[{"href":"https:\/\/ifdcarcano-crr.infd.edu.ar\/sitio\/wp-json\/wp\/v2\/pages\/786"}],"collection":[{"href":"https:\/\/ifdcarcano-crr.infd.edu.ar\/sitio\/wp-json\/wp\/v2\/pages"}],"about":[{"href":"https:\/\/ifdcarcano-crr.infd.edu.ar\/sitio\/wp-json\/wp\/v2\/types\/page"}],"author":[{"embeddable":true,"href":"https:\/\/ifdcarcano-crr.infd.edu.ar\/sitio\/wp-json\/wp\/v2\/users\/333"}],"replies":[{"embeddable":true,"href":"https:\/\/ifdcarcano-crr.infd.edu.ar\/sitio\/wp-json\/wp\/v2\/comments?post=786"}],"version-history":[{"count":3,"href":"https:\/\/ifdcarcano-crr.infd.edu.ar\/sitio\/wp-json\/wp\/v2\/pages\/786\/revisions"}],"predecessor-version":[{"id":1333,"href":"https:\/\/ifdcarcano-crr.infd.edu.ar\/sitio\/wp-json\/wp\/v2\/pages\/786\/revisions\/1333"}],"wp:attachment":[{"href":"https:\/\/ifdcarcano-crr.infd.edu.ar\/sitio\/wp-json\/wp\/v2\/media?parent=786"}],"curies":[{"name":"wp","href":"https:\/\/api.w.org\/{rel}","templated":true}]}}