{"id":795,"date":"2018-08-30T13:11:45","date_gmt":"2018-08-30T16:11:45","guid":{"rendered":"https:\/\/ifdcarcano-crr.infd.edu.ar\/sitio\/tecnicatura-superior-en-infraestructura-informatica\/"},"modified":"2023-04-11T19:04:57","modified_gmt":"2023-04-11T22:04:57","slug":"tecnicatura-superior-en-infraestructura-informatica","status":"publish","type":"page","link":"https:\/\/ifdcarcano-crr.infd.edu.ar\/sitio\/tecnicatura-superior-en-infraestructura-informatica\/","title":{"rendered":"Tecnicatura Superior en Infraestructura Inform\u00e1tica"},"content":{"rendered":"<p><strong>Denominaci\u00f3n de la carrera:\u00a0<\/strong>\u00a0Tecnicatura Superior en Infraestructura Inform\u00e1tica<\/p>\n<p><strong>Resoluci\u00f3n Ministerial N\u00b0:\u00a044\/13<\/strong><\/p>\n<p><strong>T\u00edtulo que otorga:\u00a0<\/strong>T\u00e9cnico Superior en Soporte de Infraestructura de Tecnolog\u00eda de la Informaci\u00f3n.<\/p>\n<p><strong>Duraci\u00f3n:\u00a0<\/strong>3 a\u00f1os<\/p>\n<p><strong>Horario de cursada:\u00a0<\/strong>lunes a viernes de 7.30 a 12.30Hs.<\/p>\n<p><strong>1\u00b0 A\u00d1O<\/strong><strong>\u00a0<\/strong><\/p>\n<table width=\"388\">\n<tbody>\n<tr>\n<td width=\"180\"><strong>Unidad Curricular<\/strong><\/td>\n<td width=\"123\"><strong>R\u00e9gimen<\/strong><\/td>\n<td width=\"85\"><strong>Carga horaria<\/strong><\/td>\n<\/tr>\n<tr>\n<td width=\"180\">Relaci\u00f3n estado &#8211; sociedad<\/td>\n<td width=\"123\">cuatrimestral<\/td>\n<td width=\"85\">4<\/td>\n<\/tr>\n<tr>\n<td width=\"180\">inform\u00e1tica<\/td>\n<td width=\"123\">anual<\/td>\n<td width=\"85\">6<\/td>\n<\/tr>\n<tr>\n<td width=\"180\">Ingl\u00e9s t\u00e9cnico<\/td>\n<td width=\"123\">anual<\/td>\n<td width=\"85\">4<\/td>\n<\/tr>\n<tr>\n<td width=\"180\">matem\u00e1tica<\/td>\n<td width=\"123\">anual<\/td>\n<td width=\"85\">5<\/td>\n<\/tr>\n<tr>\n<td width=\"180\">ofim\u00e1tica<\/td>\n<td width=\"123\">cuatrimestral<\/td>\n<td width=\"85\">6<\/td>\n<\/tr>\n<tr>\n<td width=\"180\">Estad\u00edstica y probabilidad<\/td>\n<td width=\"123\">cuatrimestral<\/td>\n<td width=\"85\">4<\/td>\n<\/tr>\n<tr>\n<td width=\"180\">programaci\u00f3n<\/td>\n<td width=\"123\">cuatrimestral<\/td>\n<td width=\"85\">6<\/td>\n<\/tr>\n<tr>\n<td width=\"180\">Arquitectura de computadoras<\/td>\n<td width=\"123\">cuatrimestral<\/td>\n<td width=\"85\">6<\/td>\n<\/tr>\n<tr>\n<td width=\"180\">Pr\u00e1ctica profesional I<\/td>\n<td width=\"123\">Cuatrimestral<\/td>\n<td width=\"85\">5<\/td>\n<\/tr>\n<\/tbody>\n<\/table>\n<p><strong>\u00a0<\/strong><\/p>\n<p><strong>2\u00b0 A\u00d1O<\/strong><\/p>\n<table width=\"388\">\n<tbody>\n<tr>\n<td width=\"180\"><strong>Unidad Curricular<\/strong><\/td>\n<td width=\"123\"><strong>R\u00e9gimen<\/strong><\/td>\n<td width=\"85\"><strong>Carga horaria<\/strong><\/td>\n<\/tr>\n<tr>\n<td width=\"180\">Sistemas administrativos<\/td>\n<td width=\"123\">cuatrimestral<\/td>\n<td width=\"85\">5<\/td>\n<\/tr>\n<tr>\n<td width=\"180\">Sistemas operativos<\/td>\n<td width=\"123\">anual<\/td>\n<td width=\"85\">4<\/td>\n<\/tr>\n<tr>\n<td width=\"180\">Redes I<\/td>\n<td width=\"123\">cuatrimestral<\/td>\n<td width=\"85\">6<\/td>\n<\/tr>\n<tr>\n<td width=\"180\">Soporte t\u00e9cnico I<\/td>\n<td width=\"123\">anual<\/td>\n<td width=\"85\">5<\/td>\n<\/tr>\n<tr>\n<td width=\"180\">Cultura y comunicaci\u00f3n contempor\u00e1nea<\/td>\n<td width=\"123\">cuatrimestral<\/td>\n<td width=\"85\">4<\/td>\n<\/tr>\n<tr>\n<td width=\"180\">Seguridad inform\u00e1tica I<\/td>\n<td width=\"123\">anual<\/td>\n<td width=\"85\">4<\/td>\n<\/tr>\n<tr>\n<td width=\"180\">Planificaci\u00f3n inform\u00e1tica<\/td>\n<td width=\"123\">cuatrimestral<\/td>\n<td width=\"85\">6<\/td>\n<\/tr>\n<tr>\n<td width=\"180\">Pr\u00e1ctica profesionalizante II<\/td>\n<td width=\"123\">anual<\/td>\n<td width=\"85\">6<\/td>\n<\/tr>\n<\/tbody>\n<\/table>\n<p><strong>\u00a0<\/strong><\/p>\n<p><strong>3\u00b0 A\u00d1O<\/strong><strong>\u00a0<\/strong><\/p>\n<table width=\"388\">\n<tbody>\n<tr>\n<td width=\"180\"><strong>Unidad Curricular<\/strong><\/td>\n<td width=\"123\"><strong>R\u00e9gimen<\/strong><\/td>\n<td width=\"85\"><strong>Carga horaria<\/strong><\/td>\n<\/tr>\n<tr>\n<td width=\"180\">Identidad y desigualdad sociocultural<\/td>\n<td width=\"123\">cuatrimestral<\/td>\n<td width=\"85\">4<\/td>\n<\/tr>\n<tr>\n<td width=\"180\">Soporte t\u00e9cnico II<\/td>\n<td width=\"123\">anual<\/td>\n<td width=\"85\">4<\/td>\n<\/tr>\n<tr>\n<td width=\"180\">Redes II<\/td>\n<td width=\"123\">anual<\/td>\n<td width=\"85\">6<\/td>\n<\/tr>\n<tr>\n<td width=\"180\">Procesos pol\u00edticos, econ\u00f3micos y el mundo del trabajo<\/td>\n<td width=\"123\">Cuatrimestral<\/td>\n<td width=\"85\">5<\/td>\n<\/tr>\n<tr>\n<td width=\"180\">Seguridad inform\u00e1tica II<\/td>\n<td width=\"123\">anual<\/td>\n<td width=\"85\">4<\/td>\n<\/tr>\n<tr>\n<td width=\"180\">Base de datos<\/td>\n<td width=\"123\">cuatrimestral<\/td>\n<td width=\"85\">6<\/td>\n<\/tr>\n<tr>\n<td width=\"180\">Marco \u00e9tico y normativo de la profesi\u00f3n<\/td>\n<td width=\"123\">cuatrimestral<\/td>\n<td width=\"85\">4<\/td>\n<\/tr>\n<tr>\n<td width=\"180\">Pr\u00e1ctica profesionalizante III<\/td>\n<td width=\"123\">anual<\/td>\n<td width=\"85\">10<\/td>\n<\/tr>\n<\/tbody>\n<\/table>\n","protected":false},"excerpt":{"rendered":"<p>Denominaci\u00f3n de la carrera:\u00a0\u00a0Tecnicatura Superior en Infraestructura Inform\u00e1tica Resoluci\u00f3n Ministerial N\u00b0:\u00a044\/13 T\u00edtulo que otorga:\u00a0T\u00e9cnico Superior en Soporte de Infraestructura de Tecnolog\u00eda de la Informaci\u00f3n. Duraci\u00f3n:\u00a03 a\u00f1os Horario de cursada:\u00a0lunes a viernes de 7.30 a 12.30Hs. 1\u00b0 A\u00d1O\u00a0 Unidad Curricular R\u00e9gimen Carga horaria Relaci\u00f3n estado &#8211; sociedad cuatrimestral 4 inform\u00e1tica anual 6 Ingl\u00e9s t\u00e9cnico anual 4 &#8230; <a title=\"Tecnicatura Superior en Infraestructura Inform\u00e1tica\" class=\"read-more\" href=\"https:\/\/ifdcarcano-crr.infd.edu.ar\/sitio\/tecnicatura-superior-en-infraestructura-informatica\/\" aria-label=\"More on Tecnicatura Superior en Infraestructura Inform\u00e1tica\">[+]<\/a><\/p>\n","protected":false},"author":333,"featured_media":0,"parent":0,"menu_order":0,"comment_status":"closed","ping_status":"closed","template":"","meta":[],"acf":[],"_links":{"self":[{"href":"https:\/\/ifdcarcano-crr.infd.edu.ar\/sitio\/wp-json\/wp\/v2\/pages\/795"}],"collection":[{"href":"https:\/\/ifdcarcano-crr.infd.edu.ar\/sitio\/wp-json\/wp\/v2\/pages"}],"about":[{"href":"https:\/\/ifdcarcano-crr.infd.edu.ar\/sitio\/wp-json\/wp\/v2\/types\/page"}],"author":[{"embeddable":true,"href":"https:\/\/ifdcarcano-crr.infd.edu.ar\/sitio\/wp-json\/wp\/v2\/users\/333"}],"replies":[{"embeddable":true,"href":"https:\/\/ifdcarcano-crr.infd.edu.ar\/sitio\/wp-json\/wp\/v2\/comments?post=795"}],"version-history":[{"count":5,"href":"https:\/\/ifdcarcano-crr.infd.edu.ar\/sitio\/wp-json\/wp\/v2\/pages\/795\/revisions"}],"predecessor-version":[{"id":1338,"href":"https:\/\/ifdcarcano-crr.infd.edu.ar\/sitio\/wp-json\/wp\/v2\/pages\/795\/revisions\/1338"}],"wp:attachment":[{"href":"https:\/\/ifdcarcano-crr.infd.edu.ar\/sitio\/wp-json\/wp\/v2\/media?parent=795"}],"curies":[{"name":"wp","href":"https:\/\/api.w.org\/{rel}","templated":true}]}}