{"id":800,"date":"2018-08-30T13:11:47","date_gmt":"2018-08-30T16:11:47","guid":{"rendered":"https:\/\/ifdcarcano-crr.infd.edu.ar\/sitio\/tecnicatura-superior-en-desarrollo-de-software\/"},"modified":"2023-04-11T19:04:49","modified_gmt":"2023-04-11T22:04:49","slug":"tecnicatura-superior-en-desarrollo-de-software","status":"publish","type":"page","link":"https:\/\/ifdcarcano-crr.infd.edu.ar\/sitio\/tecnicatura-superior-en-desarrollo-de-software\/","title":{"rendered":"Tecnicatura Superior en Desarrollo de Software"},"content":{"rendered":"<p><strong>Denominaci\u00f3n de la carrera:\u00a0<\/strong>\u00a0Tecnicatura superior en desarrollo de software<\/p>\n<p><strong>Resoluci\u00f3n Ministerial N\u00b0:\u00a047\/13<\/strong><\/p>\n<p><strong>T\u00edtulo que otorga:\u00a0<\/strong>Tecnico superior en desarrollo de software<\/p>\n<p><strong>Duraci\u00f3n:\u00a0<\/strong>3 a\u00f1os<\/p>\n<p><strong>Horario de cursada:\u00a0<\/strong>lunes a viernes de 18 a 23Hs.<\/p>\n<p><strong>1\u00b0 A\u00d1O<\/strong><strong>\u00a0<\/strong><\/p>\n<table width=\"388\">\n<tbody>\n<tr>\n<td width=\"180\"><strong>Unidad Curricular<\/strong><\/td>\n<td width=\"123\"><strong>R\u00e9gimen<\/strong><\/td>\n<td width=\"85\"><strong>Carga horaria<\/strong><\/td>\n<\/tr>\n<tr>\n<td width=\"180\">Relaci\u00f3n estado &#8211; sociedad<\/td>\n<td width=\"123\">cuatrimestral<\/td>\n<td width=\"85\">4<\/td>\n<\/tr>\n<tr>\n<td width=\"180\">inform\u00e1tica<\/td>\n<td width=\"123\">anual<\/td>\n<td width=\"85\">6<\/td>\n<\/tr>\n<tr>\n<td width=\"180\">Ingl\u00e9s t\u00e9cnico<\/td>\n<td width=\"123\">anual<\/td>\n<td width=\"85\">4<\/td>\n<\/tr>\n<tr>\n<td width=\"180\">matem\u00e1tica<\/td>\n<td width=\"123\">anual<\/td>\n<td width=\"85\">5<\/td>\n<\/tr>\n<tr>\n<td width=\"180\">ofim\u00e1tica<\/td>\n<td width=\"123\">cuatrimestral<\/td>\n<td width=\"85\">6<\/td>\n<\/tr>\n<tr>\n<td width=\"180\">Estad\u00edstica y probabilidad<\/td>\n<td width=\"123\">cuatrimestral<\/td>\n<td width=\"85\">4<\/td>\n<\/tr>\n<tr>\n<td width=\"180\">programaci\u00f3n<\/td>\n<td width=\"123\">cuatrimestral<\/td>\n<td width=\"85\">5<\/td>\n<\/tr>\n<tr>\n<td width=\"180\">Arquitectura de computadoras<\/td>\n<td width=\"123\">cuatrimestral<\/td>\n<td width=\"85\">4<\/td>\n<\/tr>\n<tr>\n<td width=\"180\">Pr\u00e1ctica profesional I<\/td>\n<td width=\"123\">Cuatrimestral<\/td>\n<td width=\"85\">5<\/td>\n<\/tr>\n<\/tbody>\n<\/table>\n<p><strong>\u00a0<\/strong><\/p>\n<p><strong>\u00a0<\/strong><strong>2\u00b0 A\u00d1O<\/strong><\/p>\n<table width=\"388\">\n<tbody>\n<tr>\n<td width=\"180\"><strong>Unidad Curricular<\/strong><\/td>\n<td width=\"123\"><strong>R\u00e9gimen<\/strong><\/td>\n<td width=\"85\"><strong>Carga horaria<\/strong><\/td>\n<\/tr>\n<tr>\n<td width=\"180\">Sistemas administrativos<\/td>\n<td width=\"123\">cuatrimestral<\/td>\n<td width=\"85\">4<\/td>\n<\/tr>\n<tr>\n<td width=\"180\">Sistemas operativos<\/td>\n<td width=\"123\">anual<\/td>\n<td width=\"85\">4<\/td>\n<\/tr>\n<tr>\n<td width=\"180\">Algoritmos y estructura de datos<\/td>\n<td width=\"123\">cuatrimestral<\/td>\n<td width=\"85\">5<\/td>\n<\/tr>\n<tr>\n<td width=\"180\">Laboratorio de programaci\u00f3n I<\/td>\n<td width=\"123\">anual<\/td>\n<td width=\"85\">5<\/td>\n<\/tr>\n<tr>\n<td width=\"180\">Cultura y comunicaci\u00f3n contempor\u00e1nea<\/td>\n<td width=\"123\">cuatrimestral<\/td>\n<td width=\"85\">4<\/td>\n<\/tr>\n<tr>\n<td width=\"180\">Bases de datos\u00a0 I<\/td>\n<td width=\"123\">anual<\/td>\n<td width=\"85\">4<\/td>\n<\/tr>\n<tr>\n<td width=\"180\">Planificaci\u00f3n inform\u00e1tica<\/td>\n<td width=\"123\">cuatrimestral<\/td>\n<td width=\"85\">6<\/td>\n<\/tr>\n<tr>\n<td width=\"180\">Pr\u00e1ctica profesionalizante II<\/td>\n<td width=\"123\">anual<\/td>\n<td width=\"85\">7<\/td>\n<\/tr>\n<\/tbody>\n<\/table>\n<p><strong>\u00a0<\/strong><\/p>\n<p><strong>\u00a0<\/strong><strong>3\u00b0 A\u00d1O<\/strong><\/p>\n<table width=\"397\">\n<tbody>\n<tr>\n<td width=\"180\"><strong>Unidad Curricular<\/strong><\/td>\n<td width=\"123\"><strong>R\u00e9gimen<\/strong><\/td>\n<td width=\"94\"><strong>Carga horaria<\/strong><\/td>\n<\/tr>\n<tr>\n<td width=\"180\">Identidad y desigualdad sociocultural<\/td>\n<td width=\"123\">cuatrimestral<\/td>\n<td width=\"94\">4<\/td>\n<\/tr>\n<tr>\n<td width=\"180\">Ingenier\u00eda de software<\/td>\n<td width=\"123\">anual<\/td>\n<td width=\"94\">5<\/td>\n<\/tr>\n<tr>\n<td width=\"180\">Laboratorio de programaci\u00f3n II<\/td>\n<td width=\"123\">anual<\/td>\n<td width=\"94\">6<\/td>\n<\/tr>\n<tr>\n<td width=\"180\">Procesos pol\u00edticos, econ\u00f3micos y el mundo del trabajo<\/td>\n<td width=\"123\">Cuatrimestral<\/td>\n<td width=\"94\">4<\/td>\n<\/tr>\n<tr>\n<td width=\"180\">Bases de datos II<\/td>\n<td width=\"123\">anual<\/td>\n<td width=\"94\">4<\/td>\n<\/tr>\n<tr>\n<td width=\"180\">Seguridad inform\u00e1tica<\/td>\n<td width=\"123\">cuatrimestral<\/td>\n<td width=\"94\">6<\/td>\n<\/tr>\n<tr>\n<td width=\"180\">Marco \u00e9tico y normativo de la profesi\u00f3n<\/td>\n<td width=\"123\">cuatrimestral<\/td>\n<td width=\"94\">4<\/td>\n<\/tr>\n<tr>\n<td width=\"180\">Pr\u00e1ctica profesionalizante III<\/td>\n<td width=\"123\">anual<\/td>\n<td width=\"94\">10<\/td>\n<\/tr>\n<\/tbody>\n<\/table>\n<p><strong>\u00a0<\/strong><\/p>\n","protected":false},"excerpt":{"rendered":"<p>Denominaci\u00f3n de la carrera:\u00a0\u00a0Tecnicatura superior en desarrollo de software Resoluci\u00f3n Ministerial N\u00b0:\u00a047\/13 T\u00edtulo que otorga:\u00a0Tecnico superior en desarrollo de software Duraci\u00f3n:\u00a03 a\u00f1os Horario de cursada:\u00a0lunes a viernes de 18 a 23Hs. 1\u00b0 A\u00d1O\u00a0 Unidad Curricular R\u00e9gimen Carga horaria Relaci\u00f3n estado &#8211; sociedad cuatrimestral 4 inform\u00e1tica anual 6 Ingl\u00e9s t\u00e9cnico anual 4 matem\u00e1tica anual 5 ofim\u00e1tica &#8230; <a title=\"Tecnicatura Superior en Desarrollo de Software\" class=\"read-more\" href=\"https:\/\/ifdcarcano-crr.infd.edu.ar\/sitio\/tecnicatura-superior-en-desarrollo-de-software\/\" aria-label=\"More on Tecnicatura Superior en Desarrollo de Software\">[+]<\/a><\/p>\n","protected":false},"author":333,"featured_media":0,"parent":0,"menu_order":0,"comment_status":"closed","ping_status":"closed","template":"","meta":[],"acf":[],"_links":{"self":[{"href":"https:\/\/ifdcarcano-crr.infd.edu.ar\/sitio\/wp-json\/wp\/v2\/pages\/800"}],"collection":[{"href":"https:\/\/ifdcarcano-crr.infd.edu.ar\/sitio\/wp-json\/wp\/v2\/pages"}],"about":[{"href":"https:\/\/ifdcarcano-crr.infd.edu.ar\/sitio\/wp-json\/wp\/v2\/types\/page"}],"author":[{"embeddable":true,"href":"https:\/\/ifdcarcano-crr.infd.edu.ar\/sitio\/wp-json\/wp\/v2\/users\/333"}],"replies":[{"embeddable":true,"href":"https:\/\/ifdcarcano-crr.infd.edu.ar\/sitio\/wp-json\/wp\/v2\/comments?post=800"}],"version-history":[{"count":3,"href":"https:\/\/ifdcarcano-crr.infd.edu.ar\/sitio\/wp-json\/wp\/v2\/pages\/800\/revisions"}],"predecessor-version":[{"id":1337,"href":"https:\/\/ifdcarcano-crr.infd.edu.ar\/sitio\/wp-json\/wp\/v2\/pages\/800\/revisions\/1337"}],"wp:attachment":[{"href":"https:\/\/ifdcarcano-crr.infd.edu.ar\/sitio\/wp-json\/wp\/v2\/media?parent=800"}],"curies":[{"name":"wp","href":"https:\/\/api.w.org\/{rel}","templated":true}]}}