{"id":820,"date":"2018-08-30T13:11:55","date_gmt":"2018-08-30T16:11:55","guid":{"rendered":"https:\/\/ifdcarcano-crr.infd.edu.ar\/sitio\/cursos-en-el-ifd\/"},"modified":"2020-10-15T13:59:02","modified_gmt":"2020-10-15T16:59:02","slug":"cursos-en-el-ifd","status":"publish","type":"page","link":"https:\/\/ifdcarcano-crr.infd.edu.ar\/sitio\/cursos-en-el-ifd\/","title":{"rendered":"Talleres on-line"},"content":{"rendered":"<p style=\"text-align: center;\"><img decoding=\"async\" loading=\"lazy\" class=\"alignnone wp-image-995\" src=\"https:\/\/ifdcarcano-crr.infd.edu.ar\/sitio\/wp-content\/uploads\/2020\/03\/WhatsApp-Image-2020-03-20-at-15.03.12.jpeg\" alt=\"\" width=\"396\" height=\"146\" \/><img decoding=\"async\" loading=\"lazy\" src=\"https:\/\/ifdcarcano-crr.infd.edu.ar\/sitio\/wp-content\/uploads\/2019\/04\/LOGO-sede-1000x466.png\" alt=\"\" width=\"321\" height=\"149\" \/><\/p>\n<h2 style=\"text-align: center;\">Talleres on-line<\/h2>\n<hr \/>\n<h3 style=\"text-align: center;\">Propuesta Formativa Periodo 2020<br \/>\nInscripciones Abiertas desde el 8 al 15 de septiembre de 2020:<\/h3>\n<hr \/>\n<p><strong><span style=\"color: #0000ff;\">Alfabetizaci\u00f3n Digital en la Educaci\u00f3n Inicial<\/span><br \/>\nDestinatarios y requerimientos:<\/strong><\/p>\n<ul>\n<li style=\"text-align: justify;\"><strong>Docentes de nivel inicial\u00a0<\/strong>presentar documentaci\u00f3n escaneada: DNI y T\u00edtulo docente completo.<\/li>\n<\/ul>\n<p>&nbsp;<\/p>\n<p><strong><span style=\"color: #0000ff;\">La modelizaci\u00f3n en Ciencias Naturales<\/span><br \/>\n<\/strong><strong>Destinatarios y requerimientos:<\/strong><\/p>\n<ul>\n<li><b>Docentes de Primer y Segundo Ciclo de Educaci\u00f3n Primaria\u00a0<\/b>presentar documentaci\u00f3n escaneada: DNI y T\u00edtulo docente completo.<strong>\u00a0<\/strong><\/li>\n<\/ul>\n<p>&nbsp;<\/p>\n<p><strong><span style=\"color: #0000ff;\">Todos somos anfitriones<br \/>\n<\/span><\/strong><strong>Destinatarios y requerimientos:<br \/>\n<\/strong><\/p>\n<ul>\n<li><strong>Docentes de Escuela Secundaria Juan Pablo II, Orientaci\u00f3n Turismo <\/strong>presentar documentaci\u00f3n escaneada: DNI y T\u00edtulo docente completo.<\/li>\n<li><strong>Estudiantes de la Tecnicatura Superior en Turismo del ISFD \u201cDr. Ram\u00f3n J. C\u00e1rcano\u201d <\/strong>Documentaci\u00f3n escaneada a presentar: DNI.<\/li>\n<li><strong>Emprendedores del sector turismo o pertenece a la <\/strong><strong>Secretaria de Turismo de la Cuidad de Monte Caseros. <\/strong>Documentaci\u00f3n escaneada a presentar: DNI y constancia emitida por su lugar de trabajo.<strong><br \/>\n<\/strong><\/li>\n<\/ul>\n<hr \/>\n<h4 style=\"text-align: center;\"><img decoding=\"async\" loading=\"lazy\" class=\"alignnone wp-image-908\" src=\"https:\/\/ifdcarcano-crr.infd.edu.ar\/sitio\/wp-content\/uploads\/2019\/07\/atencion_2.png\" alt=\"\" width=\"250\" height=\"219\" \/><\/h4>\n<h4 style=\"text-align: center;\"><strong><span style=\"color: #ff0000;\">ATENCI\u00d3N: LEER TODO ANTES DE CONTINUAR CON LA INSCRIPCI\u00d3N<\/span><\/strong><\/h4>\n<ul>\n<li><span style=\"color: #ff0000;\"><strong>Solo puede inscribirse en uno de los talleres<\/strong>.<\/span><\/li>\n<li><span style=\"color: #ff0000;\">Estos talleres cuentan con cupos limitados destinados a <strong>Docentes de la Provincia de Corrientes correspondientes al nivel al que va dirigido el curso<\/strong>.<\/span><\/li>\n<li><span style=\"color: #ff0000;\">Use su E-mail personal, no el de otra persona. Este correo se utilizar\u00e1 durante toda la cursada.<\/span><\/li>\n<li><span style=\"color: #ff0000;\">La siguiente\u00a0<strong>Documentaci\u00f3n digital obligatoria\u00a0<\/strong>debe presentarse por medio de la plataforma de cursado<b>:<\/b><\/span>\n<ul>\n<li><span style=\"color: #ff0000;\">Copia de DNI.<\/span><\/li>\n<li><span style=\"color: #ff0000;\">Copia del T\u00edtulo Docente.<\/span><\/li>\n<\/ul>\n<\/li>\n<\/ul>\n<hr \/>\n<p style=\"text-align: center;\"><span style=\"color: #999999;\"><a href=\"http:\/\/sima.mec.gob.ar\/inscripcionescursos\/?i=OurchSY2KZNA54Pml%2fsmkw%3d%3d\"><img decoding=\"async\" loading=\"lazy\" class=\"alignnone wp-image-909\" src=\"https:\/\/ifdcarcano-crr.infd.edu.ar\/sitio\/wp-content\/uploads\/2019\/07\/icon-check-1000x625.png\" alt=\"\" width=\"250\" height=\"156\" srcset=\"https:\/\/ifdcarcano-crr.infd.edu.ar\/sitio\/wp-content\/uploads\/2019\/07\/icon-check-1000x625.png 1000w, https:\/\/ifdcarcano-crr.infd.edu.ar\/sitio\/wp-content\/uploads\/2019\/07\/icon-check-768x480.png 768w, https:\/\/ifdcarcano-crr.infd.edu.ar\/sitio\/wp-content\/uploads\/2019\/07\/icon-check.png 1600w\" sizes=\"(max-width: 250px) 100vw, 250px\" \/><\/a><br \/>\n<strong><span style=\"color: #008000;\"><a style=\"color: #008000;\" href=\"http:\/\/sima.mec.gob.ar\/inscripcionescursos\/?i=OurchSY2KZNA54Pml%2fsmkw%3d%3d\" rel=\"noopener\">Declaro haber le\u00eddo\u00a0y comprendido<br \/>\ntodo lo expuesto en esta p\u00e1gina, continuar con la inscripci\u00f3n&#8230;<\/a><\/span><\/strong><\/span><\/p>\n","protected":false},"excerpt":{"rendered":"<p>Talleres on-line Propuesta Formativa Periodo 2020 Inscripciones Abiertas desde el 8 al 15 de septiembre de 2020: Alfabetizaci\u00f3n Digital en la Educaci\u00f3n Inicial Destinatarios y requerimientos: Docentes de nivel inicial\u00a0presentar documentaci\u00f3n escaneada: DNI y T\u00edtulo docente completo. &nbsp; La modelizaci\u00f3n en Ciencias Naturales Destinatarios y requerimientos: Docentes de Primer y Segundo Ciclo de Educaci\u00f3n Primaria\u00a0presentar &#8230; <a title=\"Talleres on-line\" class=\"read-more\" href=\"https:\/\/ifdcarcano-crr.infd.edu.ar\/sitio\/cursos-en-el-ifd\/\" aria-label=\"More on Talleres on-line\">[+]<\/a><\/p>\n","protected":false},"author":333,"featured_media":0,"parent":0,"menu_order":0,"comment_status":"closed","ping_status":"closed","template":"","meta":[],"acf":[],"_links":{"self":[{"href":"https:\/\/ifdcarcano-crr.infd.edu.ar\/sitio\/wp-json\/wp\/v2\/pages\/820"}],"collection":[{"href":"https:\/\/ifdcarcano-crr.infd.edu.ar\/sitio\/wp-json\/wp\/v2\/pages"}],"about":[{"href":"https:\/\/ifdcarcano-crr.infd.edu.ar\/sitio\/wp-json\/wp\/v2\/types\/page"}],"author":[{"embeddable":true,"href":"https:\/\/ifdcarcano-crr.infd.edu.ar\/sitio\/wp-json\/wp\/v2\/users\/333"}],"replies":[{"embeddable":true,"href":"https:\/\/ifdcarcano-crr.infd.edu.ar\/sitio\/wp-json\/wp\/v2\/comments?post=820"}],"version-history":[{"count":16,"href":"https:\/\/ifdcarcano-crr.infd.edu.ar\/sitio\/wp-json\/wp\/v2\/pages\/820\/revisions"}],"predecessor-version":[{"id":1148,"href":"https:\/\/ifdcarcano-crr.infd.edu.ar\/sitio\/wp-json\/wp\/v2\/pages\/820\/revisions\/1148"}],"wp:attachment":[{"href":"https:\/\/ifdcarcano-crr.infd.edu.ar\/sitio\/wp-json\/wp\/v2\/media?parent=820"}],"curies":[{"name":"wp","href":"https:\/\/api.w.org\/{rel}","templated":true}]}}