{"id":822,"date":"2018-08-30T13:11:56","date_gmt":"2018-08-30T16:11:56","guid":{"rendered":"https:\/\/ifdcarcano-crr.infd.edu.ar\/sitio\/tecnicatura-superior-en-turismo\/"},"modified":"2023-04-11T19:05:29","modified_gmt":"2023-04-11T22:05:29","slug":"tecnicatura-superior-en-turismo","status":"publish","type":"page","link":"https:\/\/ifdcarcano-crr.infd.edu.ar\/sitio\/tecnicatura-superior-en-turismo\/","title":{"rendered":"Tecnicatura Superior en Turismo"},"content":{"rendered":"<p><strong>Denominaci\u00f3n de la carrera:\u00a0<\/strong>\u00a0Tecnicatura Superior en Turismo<\/p>\n<p><strong>Resoluci\u00f3n Ministerial N\u00b0:\u00a01053\/15<\/strong><\/p>\n<p><strong>T\u00edtulo que otorga:\u00a0<\/strong>T\u00e9cnico Superior en Turismo<\/p>\n<p><strong>Duraci\u00f3n:\u00a0<\/strong>3 a\u00f1os<\/p>\n<p><strong>Horario de cursada:\u00a0<\/strong>lunes a viernes de 18 a 23Hs.<\/p>\n<p><strong>1\u00b0 A\u00d1O<\/strong><strong>\u00a0<\/strong><\/p>\n<table width=\"352\">\n<tbody>\n<tr>\n<td width=\"163\"><strong>Unidad Curricular<\/strong><\/td>\n<td width=\"115\"><strong>R\u00e9gimen<\/strong><\/td>\n<td width=\"74\"><strong>Carga horaria<\/strong><\/td>\n<\/tr>\n<tr>\n<td width=\"163\">Introducci\u00f3n al turismo<\/td>\n<td width=\"115\">anual<\/td>\n<td width=\"74\">4<\/td>\n<\/tr>\n<tr>\n<td width=\"163\">ingl\u00e9s I<\/td>\n<td width=\"115\">anual<\/td>\n<td width=\"74\">4<\/td>\n<\/tr>\n<tr>\n<td width=\"163\">Problemas antropol\u00f3gicos contemporaneos<\/td>\n<td width=\"115\">2\u00b0 cuatrimestral<\/td>\n<td width=\"74\">5<\/td>\n<\/tr>\n<tr>\n<td width=\"163\">Geograf\u00eda tur\u00edstica argentina<\/td>\n<td width=\"115\">anual<\/td>\n<td width=\"74\">4<\/td>\n<\/tr>\n<tr>\n<td width=\"163\">Historia argentina y patrimonio cultural<\/td>\n<td width=\"115\">anual<\/td>\n<td width=\"74\">4<\/td>\n<\/tr>\n<tr>\n<td width=\"163\">Inform\u00e1tica aplicada<\/td>\n<td width=\"115\">1\u00b0 cuatrimestral<\/td>\n<td width=\"74\">5<\/td>\n<\/tr>\n<tr>\n<td width=\"163\">Agencias de viajes<\/td>\n<td width=\"115\">1\u00b0 cuatrimestral<\/td>\n<td width=\"74\">5<\/td>\n<\/tr>\n<tr>\n<td width=\"163\">Portugu\u00e9s I<\/td>\n<td width=\"115\">anual<\/td>\n<td width=\"74\">4<\/td>\n<\/tr>\n<tr>\n<td width=\"163\">Pr\u00e1ctica profesional I<\/td>\n<td width=\"115\">2\u00b0 Cuatrimestral<\/td>\n<td width=\"74\">6<\/td>\n<\/tr>\n<\/tbody>\n<\/table>\n<p><strong>\u00a0<\/strong><\/p>\n<p><strong>\u00a0<\/strong><strong>2\u00b0 A\u00d1O<\/strong><\/p>\n<table width=\"359\">\n<tbody>\n<tr>\n<td width=\"180\"><strong>Unidad Curricular<\/strong><\/td>\n<td width=\"104\"><strong>R\u00e9gimen<\/strong><\/td>\n<td width=\"76\"><strong>Carga horaria<\/strong><\/td>\n<\/tr>\n<tr>\n<td width=\"180\">Cultura y comunicaci\u00f3n contempor\u00e1nea<\/td>\n<td width=\"104\">1\u00b0 cuatrimestral<\/td>\n<td width=\"76\">5<\/td>\n<\/tr>\n<tr>\n<td width=\"180\">Geograf\u00eda tur\u00edstica del nordeste<\/td>\n<td width=\"104\">anual<\/td>\n<td width=\"76\">4<\/td>\n<\/tr>\n<tr>\n<td width=\"180\">Hoteler\u00eda y gastronom\u00eda<\/td>\n<td width=\"104\">anual<\/td>\n<td width=\"76\">4<\/td>\n<\/tr>\n<tr>\n<td width=\"180\">Historia y patrimonio cultural del nordeste<\/td>\n<td width=\"104\">anual<\/td>\n<td width=\"76\">4<\/td>\n<\/tr>\n<tr>\n<td width=\"180\">Procesos pol\u00edticos, econ\u00f3micos y el mundo del trabajo actual<\/td>\n<td width=\"104\">2\u00b0 cuatrimestral<\/td>\n<td width=\"76\">5<\/td>\n<\/tr>\n<tr>\n<td width=\"180\">Ingl\u00e9s II<\/td>\n<td width=\"104\">anual<\/td>\n<td width=\"76\">4<\/td>\n<\/tr>\n<tr>\n<td width=\"180\">Portugu\u00e9s II<\/td>\n<td width=\"104\">anual<\/td>\n<td width=\"76\">4<\/td>\n<\/tr>\n<tr>\n<td width=\"180\">Transportes y tarifas<\/td>\n<td width=\"104\">1\u00b0 cuatrimestral<\/td>\n<td width=\"76\">5<\/td>\n<\/tr>\n<tr>\n<td width=\"180\">Taller de dise\u00f1o de proyectos tur\u00edsticos<\/td>\n<td width=\"104\">2\u00b0 cuatrimestral<\/td>\n<td width=\"76\">5<\/td>\n<\/tr>\n<tr>\n<td width=\"180\">Pr\u00e1ctica profesionalizante II<\/td>\n<td width=\"104\">anual<\/td>\n<td width=\"76\">6<\/td>\n<\/tr>\n<\/tbody>\n<\/table>\n<p><strong>\u00a0<\/strong><\/p>\n<p><strong>3\u00b0 A\u00d1O<\/strong><\/p>\n<table width=\"359\">\n<tbody>\n<tr>\n<td width=\"180\"><strong>Unidad Curricular<\/strong><\/td>\n<td width=\"104\"><strong>R\u00e9gimen<\/strong><\/td>\n<td width=\"76\"><strong>Carga horaria<\/strong><\/td>\n<\/tr>\n<tr>\n<td width=\"180\">ecoturismo<\/td>\n<td width=\"104\">1\u00b0 cuatrimestral<\/td>\n<td width=\"76\">5<\/td>\n<\/tr>\n<tr>\n<td width=\"180\">Organizaci\u00f3n y administraci\u00f3n de empresas tur\u00edsticas<\/td>\n<td width=\"104\">anual<\/td>\n<td width=\"76\">4<\/td>\n<\/tr>\n<tr>\n<td width=\"180\">Marketing tur\u00edstico<\/td>\n<td width=\"104\">2\u00b0 cuatrimestral<\/td>\n<td width=\"76\">5<\/td>\n<\/tr>\n<tr>\n<td width=\"180\">Antropolog\u00eda cultural argentina y regional<\/td>\n<td width=\"104\">1\u00b0 cuatrimestral<\/td>\n<td width=\"76\">5<\/td>\n<\/tr>\n<tr>\n<td width=\"180\">Econom\u00eda tur\u00edstica<\/td>\n<td width=\"104\">anual<\/td>\n<td width=\"76\">4<\/td>\n<\/tr>\n<tr>\n<td width=\"180\">Legislaci\u00f3n turistica<\/td>\n<td width=\"104\">anual<\/td>\n<td width=\"76\">4<\/td>\n<\/tr>\n<tr>\n<td width=\"180\">Psicolog\u00eda social<\/td>\n<td width=\"104\">2\u00b0 cuatrimestral<\/td>\n<td width=\"76\">5<\/td>\n<\/tr>\n<tr>\n<td width=\"180\">Geograf\u00eda tur\u00edstica mundial<\/td>\n<td width=\"104\">anual<\/td>\n<td width=\"76\">4<\/td>\n<\/tr>\n<tr>\n<td width=\"180\">Pr\u00e1ctica profesionalizante III<\/td>\n<td width=\"104\">anual<\/td>\n<td width=\"76\">8<\/td>\n<\/tr>\n<\/tbody>\n<\/table>\n","protected":false},"excerpt":{"rendered":"<p>Denominaci\u00f3n de la carrera:\u00a0\u00a0Tecnicatura Superior en Turismo Resoluci\u00f3n Ministerial N\u00b0:\u00a01053\/15 T\u00edtulo que otorga:\u00a0T\u00e9cnico Superior en Turismo Duraci\u00f3n:\u00a03 a\u00f1os Horario de cursada:\u00a0lunes a viernes de 18 a 23Hs. 1\u00b0 A\u00d1O\u00a0 Unidad Curricular R\u00e9gimen Carga horaria Introducci\u00f3n al turismo anual 4 ingl\u00e9s I anual 4 Problemas antropol\u00f3gicos contemporaneos 2\u00b0 cuatrimestral 5 Geograf\u00eda tur\u00edstica argentina anual 4 Historia &#8230; <a title=\"Tecnicatura Superior en Turismo\" class=\"read-more\" href=\"https:\/\/ifdcarcano-crr.infd.edu.ar\/sitio\/tecnicatura-superior-en-turismo\/\" aria-label=\"More on Tecnicatura Superior en Turismo\">[+]<\/a><\/p>\n","protected":false},"author":333,"featured_media":0,"parent":0,"menu_order":0,"comment_status":"closed","ping_status":"closed","template":"","meta":[],"acf":[],"_links":{"self":[{"href":"https:\/\/ifdcarcano-crr.infd.edu.ar\/sitio\/wp-json\/wp\/v2\/pages\/822"}],"collection":[{"href":"https:\/\/ifdcarcano-crr.infd.edu.ar\/sitio\/wp-json\/wp\/v2\/pages"}],"about":[{"href":"https:\/\/ifdcarcano-crr.infd.edu.ar\/sitio\/wp-json\/wp\/v2\/types\/page"}],"author":[{"embeddable":true,"href":"https:\/\/ifdcarcano-crr.infd.edu.ar\/sitio\/wp-json\/wp\/v2\/users\/333"}],"replies":[{"embeddable":true,"href":"https:\/\/ifdcarcano-crr.infd.edu.ar\/sitio\/wp-json\/wp\/v2\/comments?post=822"}],"version-history":[{"count":4,"href":"https:\/\/ifdcarcano-crr.infd.edu.ar\/sitio\/wp-json\/wp\/v2\/pages\/822\/revisions"}],"predecessor-version":[{"id":1342,"href":"https:\/\/ifdcarcano-crr.infd.edu.ar\/sitio\/wp-json\/wp\/v2\/pages\/822\/revisions\/1342"}],"wp:attachment":[{"href":"https:\/\/ifdcarcano-crr.infd.edu.ar\/sitio\/wp-json\/wp\/v2\/media?parent=822"}],"curies":[{"name":"wp","href":"https:\/\/api.w.org\/{rel}","templated":true}]}}