{"id":826,"date":"2019-03-18T09:30:28","date_gmt":"2019-03-18T12:30:28","guid":{"rendered":"https:\/\/ifdcarcano-crr.infd.edu.ar\/sitio\/?page_id=826"},"modified":"2019-03-19T19:14:37","modified_gmt":"2019-03-19T22:14:37","slug":"asociacion-cooperadora","status":"publish","type":"page","link":"https:\/\/ifdcarcano-crr.infd.edu.ar\/sitio\/asociacion-cooperadora\/","title":{"rendered":"Asociaci\u00f3n Cooperadora"},"content":{"rendered":"<p>La Asociaci\u00f3n Civil Cooperadora ISFD Dr. Ram\u00f3n J. C\u00e1rcano esta formada por los siguientes miembros:<\/p>\n<ul>\n<li>PRESIDENTE: H\u00e9ctor Ayala<\/li>\n<li>SECRETARIA: Johana Dalzotto<\/li>\n<li>TESORERA: Roxana Monje<\/li>\n<li>VOCALES TITULARES: Alina Lancelle Scocco, Marcela Olivera<\/li>\n<li>VOCALES SUPLENTES: Stella Maris Bella, Lorena Zandon\u00e1<\/li>\n<li>REVISORA DE CUENTAS: Claudia Ponzoni<\/li>\n<\/ul>\n","protected":false},"excerpt":{"rendered":"<p>La Asociaci\u00f3n Civil Cooperadora ISFD Dr. Ram\u00f3n J. C\u00e1rcano esta formada por los siguientes miembros: PRESIDENTE: H\u00e9ctor Ayala SECRETARIA: Johana Dalzotto TESORERA: Roxana Monje VOCALES TITULARES: Alina Lancelle Scocco, Marcela Olivera VOCALES SUPLENTES: Stella Maris Bella, Lorena Zandon\u00e1 REVISORA DE CUENTAS: Claudia Ponzoni<\/p>\n","protected":false},"author":333,"featured_media":0,"parent":0,"menu_order":0,"comment_status":"closed","ping_status":"closed","template":"","meta":[],"acf":[],"_links":{"self":[{"href":"https:\/\/ifdcarcano-crr.infd.edu.ar\/sitio\/wp-json\/wp\/v2\/pages\/826"}],"collection":[{"href":"https:\/\/ifdcarcano-crr.infd.edu.ar\/sitio\/wp-json\/wp\/v2\/pages"}],"about":[{"href":"https:\/\/ifdcarcano-crr.infd.edu.ar\/sitio\/wp-json\/wp\/v2\/types\/page"}],"author":[{"embeddable":true,"href":"https:\/\/ifdcarcano-crr.infd.edu.ar\/sitio\/wp-json\/wp\/v2\/users\/333"}],"replies":[{"embeddable":true,"href":"https:\/\/ifdcarcano-crr.infd.edu.ar\/sitio\/wp-json\/wp\/v2\/comments?post=826"}],"version-history":[{"count":1,"href":"https:\/\/ifdcarcano-crr.infd.edu.ar\/sitio\/wp-json\/wp\/v2\/pages\/826\/revisions"}],"predecessor-version":[{"id":827,"href":"https:\/\/ifdcarcano-crr.infd.edu.ar\/sitio\/wp-json\/wp\/v2\/pages\/826\/revisions\/827"}],"wp:attachment":[{"href":"https:\/\/ifdcarcano-crr.infd.edu.ar\/sitio\/wp-json\/wp\/v2\/media?parent=826"}],"curies":[{"name":"wp","href":"https:\/\/api.w.org\/{rel}","templated":true}]}}