{"id":869,"date":"2019-04-26T20:31:41","date_gmt":"2019-04-26T23:31:41","guid":{"rendered":"https:\/\/ifdcarcano-crr.infd.edu.ar\/sitio\/?page_id=869"},"modified":"2021-10-27T10:02:56","modified_gmt":"2021-10-27T13:02:56","slug":"cursos-corrientes-educa-virtual","status":"publish","type":"page","link":"https:\/\/ifdcarcano-crr.infd.edu.ar\/sitio\/cursos-corrientes-educa-virtual\/","title":{"rendered":"FORMACI\u00d3N DOCENTE CONTINUA"},"content":{"rendered":"<p style=\"text-align: center;\"><img decoding=\"async\" loading=\"lazy\" class=\"alignnone wp-image-1235\" src=\"https:\/\/ifdcarcano-crr.infd.edu.ar\/sitio\/wp-content\/uploads\/2021\/05\/WhatsApp-Image-2020-03-20-at-15.03.12.png\" alt=\"\" width=\"406\" height=\"149\" \/><img decoding=\"async\" loading=\"lazy\" src=\"https:\/\/ifdcarcano-crr.infd.edu.ar\/sitio\/wp-content\/uploads\/2019\/04\/LOGO-sede-1000x466.png\" alt=\"\" width=\"321\" height=\"149\" \/><\/p>\n<h5 style=\"text-align: center;\">Cursos y jornadas on-line para docentes de los diferentes niveles educativos.<br \/>\nPuede al la inscripci\u00f3n, evaluaci\u00f3n y certificados emitidos desde los siguientes enlaces:<\/h5>\n<hr \/>\n<h2 style=\"text-align: center;\"><a href=\"http:\/\/sima.mec.gob.ar\/catalogo\/\">Cat\u00e1logo Provincial<\/a><\/h2>\n<hr \/>\n<h2 style=\"text-align: center;\"><a href=\"http:\/\/sima.mec.gob.ar\/evaluacion\/\">Evaluaciones de Capacitaciones<\/a><\/h2>\n<hr \/>\n<h2 style=\"text-align: center;\"><a href=\"http:\/\/sima.mec.gob.ar\/certificados\/\">Certificados<\/a><\/h2>\n<hr \/>\n<p style=\"text-align: center;\">\n<hr \/>\n<p style=\"text-align: center;\">\u00a0<img decoding=\"async\" loading=\"lazy\" class=\"size-full wp-image-873 alignnone\" src=\"https:\/\/ifdcarcano-crr.infd.edu.ar\/sitio\/wp-content\/uploads\/2019\/04\/b.png\" alt=\"\" width=\"401\" height=\"46\" \/> <img decoding=\"async\" loading=\"lazy\" class=\"size-full wp-image-874 alignnone\" src=\"https:\/\/ifdcarcano-crr.infd.edu.ar\/sitio\/wp-content\/uploads\/2019\/04\/c.png\" alt=\"\" width=\"168\" height=\"35\" \/><\/p>\n","protected":false},"excerpt":{"rendered":"<p>Cursos y jornadas on-line para docentes de los diferentes niveles educativos. Puede al la inscripci\u00f3n, evaluaci\u00f3n y certificados emitidos desde los siguientes enlaces: Cat\u00e1logo Provincial Evaluaciones de Capacitaciones Certificados \u00a0<\/p>\n","protected":false},"author":177,"featured_media":0,"parent":0,"menu_order":0,"comment_status":"closed","ping_status":"closed","template":"","meta":[],"acf":[],"_links":{"self":[{"href":"https:\/\/ifdcarcano-crr.infd.edu.ar\/sitio\/wp-json\/wp\/v2\/pages\/869"}],"collection":[{"href":"https:\/\/ifdcarcano-crr.infd.edu.ar\/sitio\/wp-json\/wp\/v2\/pages"}],"about":[{"href":"https:\/\/ifdcarcano-crr.infd.edu.ar\/sitio\/wp-json\/wp\/v2\/types\/page"}],"author":[{"embeddable":true,"href":"https:\/\/ifdcarcano-crr.infd.edu.ar\/sitio\/wp-json\/wp\/v2\/users\/177"}],"replies":[{"embeddable":true,"href":"https:\/\/ifdcarcano-crr.infd.edu.ar\/sitio\/wp-json\/wp\/v2\/comments?post=869"}],"version-history":[{"count":76,"href":"https:\/\/ifdcarcano-crr.infd.edu.ar\/sitio\/wp-json\/wp\/v2\/pages\/869\/revisions"}],"predecessor-version":[{"id":1260,"href":"https:\/\/ifdcarcano-crr.infd.edu.ar\/sitio\/wp-json\/wp\/v2\/pages\/869\/revisions\/1260"}],"wp:attachment":[{"href":"https:\/\/ifdcarcano-crr.infd.edu.ar\/sitio\/wp-json\/wp\/v2\/media?parent=869"}],"curies":[{"name":"wp","href":"https:\/\/api.w.org\/{rel}","templated":true}]}}