{"id":952,"date":"2019-11-13T20:41:40","date_gmt":"2019-11-13T23:41:40","guid":{"rendered":"https:\/\/ifdcarcano-crr.infd.edu.ar\/sitio\/?page_id=952"},"modified":"2025-02-26T11:06:31","modified_gmt":"2025-02-26T14:06:31","slug":"ingresantes","status":"publish","type":"page","link":"https:\/\/ifdcarcano-crr.infd.edu.ar\/sitio\/ingresantes\/","title":{"rendered":"Ingresantes"},"content":{"rendered":"<h2>Pre-Inscripci\u00f3n On-line<\/h2>\n<p>Del 7 al 28 de febrero del 2025, ingres\u00e1 a <a href=\"https:\/\/simaeducativa.mec.gob.ar\/ingresantes\/?fbclid=PAZXh0bgNhZW0CMTEAAaZ6Iz_wPLf1vg7UKxCKWWOSZ4a-Jn5dkhqIFrGvjplGlt7LVcLp_Ccc8pc_aem_CJ2bTDLSvlRyao36EQrawQ\"><strong>Preinscripci\u00f3n de ingresantes 2025<\/strong><\/a>\u00a0para pre-inscribirse en la carrera deseada.<\/p>\n<h2 class=\"entry-title\">Requisitos de inscripci\u00f3n<\/h2>\n<p>Los alumnos que ingresen a 1er (primer) a\u00f1o deber\u00e1n presentar lo siguiente:<strong><br \/>\n<\/strong><\/p>\n<ul>\n<li>Fotocopia de DNI.<\/li>\n<li>Partida de Nacimiento.<\/li>\n<li>Constancia de T\u00edtulo Secundario.<\/li>\n<li>Certificado de Buena Salud.<\/li>\n<li>Certificado Psicol\u00f3gico.<\/li>\n<li>Certificado de Buena Conducta.<\/li>\n<li>Carpeta colgante (con nepaco).<\/li>\n<li>Pago de Seguro.<\/li>\n<li>Uniforme: Chomba institucional o chaquetilla blanca. (Se adquiere en tienda la Buenos Aires o Tauro_ Tienda de Uniformes y Ropa de Trabajo).<\/li>\n<\/ul>\n<h2>Mayores de 25 a\u00f1os<\/h2>\n<p>Los aspirantes a ingresar a alguna \u00a0de las carreras que ofrece el Instituto y \u00a0no hayan terminado sus estudios secundarios, y sean mayores de 25 a\u00f1os, rendir\u00e1n un examen de admisi\u00f3n de conocimientos generales y espec\u00edficos de la carrera a seguir (<strong>Ley de Educaci\u00f3n\u00a0 Superior N\u00b0 24521 art. 7\u00ba<\/strong>).<\/p>\n<p>El mismo consistir\u00e1 en una primera instancia de interpretaci\u00f3n de texto, t\u00e9cnicas b\u00e1sicas de estudio como cuadros sin\u00f3pticos, redes conceptuales, t\u00e9cnicas de subrayado, entre otras. En una segunda instancia se evaluar\u00e1n conocimientos generales b\u00e1sicos relacionados con la carrera a seguir.<\/p>\n<h2>Becas Progresar<\/h2>\n<p>Para m\u00e1s informaci\u00f3n ingresar a\u00a0<a href=\"https:\/\/becasprogresar.educacion.gob.ar\" target=\"_blank\" rel=\"noopener\"><strong>Becas Progresar en Mi Argentina<\/strong><\/a>.<\/p>\n<p><a href=\"https:\/\/becasprogresar.educacion.gob.ar\/\" target=\"_blank\" rel=\"noopener\"><img decoding=\"async\" loading=\"lazy\" class=\"alignnone wp-image-955\" src=\"https:\/\/ifdcarcano-crr.infd.edu.ar\/sitio\/wp-content\/uploads\/2019\/11\/beca.png\" alt=\"\" width=\"538\" height=\"113\" srcset=\"https:\/\/ifdcarcano-crr.infd.edu.ar\/sitio\/wp-content\/uploads\/2019\/11\/beca.png 953w, https:\/\/ifdcarcano-crr.infd.edu.ar\/sitio\/wp-content\/uploads\/2019\/11\/beca-768x161.png 768w\" sizes=\"(max-width: 538px) 100vw, 538px\" \/><\/a><\/p>\n","protected":false},"excerpt":{"rendered":"<p>Pre-Inscripci\u00f3n On-line Del 7 al 28 de febrero del 2025, ingres\u00e1 a Preinscripci\u00f3n de ingresantes 2025\u00a0para pre-inscribirse en la carrera deseada. Requisitos de inscripci\u00f3n Los alumnos que ingresen a 1er (primer) a\u00f1o deber\u00e1n presentar lo siguiente: Fotocopia de DNI. Partida de Nacimiento. Constancia de T\u00edtulo Secundario. Certificado de Buena Salud. Certificado Psicol\u00f3gico. Certificado de Buena &#8230; <a title=\"Ingresantes\" class=\"read-more\" href=\"https:\/\/ifdcarcano-crr.infd.edu.ar\/sitio\/ingresantes\/\" aria-label=\"More on Ingresantes\">[+]<\/a><\/p>\n","protected":false},"author":177,"featured_media":0,"parent":0,"menu_order":0,"comment_status":"closed","ping_status":"closed","template":"","meta":[],"acf":[],"_links":{"self":[{"href":"https:\/\/ifdcarcano-crr.infd.edu.ar\/sitio\/wp-json\/wp\/v2\/pages\/952"}],"collection":[{"href":"https:\/\/ifdcarcano-crr.infd.edu.ar\/sitio\/wp-json\/wp\/v2\/pages"}],"about":[{"href":"https:\/\/ifdcarcano-crr.infd.edu.ar\/sitio\/wp-json\/wp\/v2\/types\/page"}],"author":[{"embeddable":true,"href":"https:\/\/ifdcarcano-crr.infd.edu.ar\/sitio\/wp-json\/wp\/v2\/users\/177"}],"replies":[{"embeddable":true,"href":"https:\/\/ifdcarcano-crr.infd.edu.ar\/sitio\/wp-json\/wp\/v2\/comments?post=952"}],"version-history":[{"count":16,"href":"https:\/\/ifdcarcano-crr.infd.edu.ar\/sitio\/wp-json\/wp\/v2\/pages\/952\/revisions"}],"predecessor-version":[{"id":1396,"href":"https:\/\/ifdcarcano-crr.infd.edu.ar\/sitio\/wp-json\/wp\/v2\/pages\/952\/revisions\/1396"}],"wp:attachment":[{"href":"https:\/\/ifdcarcano-crr.infd.edu.ar\/sitio\/wp-json\/wp\/v2\/media?parent=952"}],"curies":[{"name":"wp","href":"https:\/\/api.w.org\/{rel}","templated":true}]}}